{"id":109,"date":"2013-10-18T21:53:35","date_gmt":"2013-10-18T23:53:35","guid":{"rendered":"http:\/\/blog.mozilla.org\/press-br\/?page_id=109"},"modified":"2013-10-21T22:26:39","modified_gmt":"2013-10-22T00:26:39","slug":"firefox-para-android","status":"publish","type":"page","link":"https:\/\/blog.mozilla.org\/press-br\/kit-de-imprensa-do-firefox\/firefox-para-android\/","title":{"rendered":"Firefox para Android"},"content":{"rendered":"<h2>Firefox para Android<\/h2>\n<h4>Links \u00fateis<\/h4>\n<ul>\n<ul>\n<li><a href=\"http:\/\/www.mozilla.org\/en-US\/firefox\/mobile\/features\/\">Caracter\u00edsticas (em ingl\u00eas)<\/a><\/li>\n<li><a href=\"https:\/\/www.mozilla.org\/en-US\/mobile\/faq\/\" target=\"_blank\">Perguntas mais comuns (FAQs, em ingl\u00eas)<\/a><\/li>\n<li><a href=\"https:\/\/support.mozilla.org\/pt-BR\/kb\/o-que-firefox-sync\">Sincroniza\u00e7\u00e3o<\/a><\/li>\n<li><a href=\"https:\/\/developer.mozilla.org\/pt-BR\/mobile\">Desenvolvimento para celulares<\/a><\/li>\n<\/ul>\n<h4>Materiais de refer\u00eancia<\/h4>\n<ul>\n<li><a href=\"http:\/\/blog.mozilla.org\/press-br\/files\/2013\/10\/Firefox-for-Android-Reviewers-Guide.pdf\">Guia do Firefox para analistas (em ingl\u00eas)<\/a><\/li>\n<\/ul>\n","protected":false},"excerpt":{"rendered":"<p>Firefox para Android Links \u00fateis Caracter\u00edsticas (em ingl\u00eas) Perguntas mais comuns (FAQs, em ingl\u00eas) Sincroniza\u00e7\u00e3o Desenvolvimento para celulares Materiais de refer\u00eancia Guia do Firefox para analistas (em ingl\u00eas)<\/p>\n","protected":false},"author":631,"featured_media":0,"parent":8,"menu_order":0,"comment_status":"closed","ping_status":"closed","template":"press-kits.php","meta":{"footnotes":""},"_links":{"self":[{"href":"https:\/\/blog.mozilla.org\/press-br\/wp-json\/wp\/v2\/pages\/109"}],"collection":[{"href":"https:\/\/blog.mozilla.org\/press-br\/wp-json\/wp\/v2\/pages"}],"about":[{"href":"https:\/\/blog.mozilla.org\/press-br\/wp-json\/wp\/v2\/types\/page"}],"author":[{"embeddable":true,"href":"https:\/\/blog.mozilla.org\/press-br\/wp-json\/wp\/v2\/users\/631"}],"replies":[{"embeddable":true,"href":"https:\/\/blog.mozilla.org\/press-br\/wp-json\/wp\/v2\/comments?post=109"}],"version-history":[{"count":0,"href":"https:\/\/blog.mozilla.org\/press-br\/wp-json\/wp\/v2\/pages\/109\/revisions"}],"up":[{"embeddable":true,"href":"https:\/\/blog.mozilla.org\/press-br\/wp-json\/wp\/v2\/pages\/8"}],"wp:attachment":[{"href":"https:\/\/blog.mozilla.org\/press-br\/wp-json\/wp\/v2\/media?parent=109"}],"curies":[{"name":"wp","href":"https:\/\/api.w.org\/{rel}","templated":true}]}}