{"id":111,"date":"2013-10-18T21:55:01","date_gmt":"2013-10-18T23:55:01","guid":{"rendered":"http:\/\/blog.mozilla.org\/press-br\/?page_id=111"},"modified":"2013-10-31T14:57:17","modified_gmt":"2013-10-31T16:57:17","slug":"firefox-os","status":"publish","type":"page","link":"https:\/\/blog.mozilla.org\/press-br\/kit-de-imprensa-do-firefox\/firefox-os\/","title":{"rendered":"Firefox OS"},"content":{"rendered":"<h2>Firefox OS<\/h2>\n<h4>Links \u00fateis<\/h4>\n<ul>\n<ul>\n<ul>\n<li><a title=\"Telef\u00f3nica lan\u00e7a smartphone com Firefox OS no M\u00e9xico, Peru e Uruguai\" href=\"https:\/\/blog.mozilla.org\/press-br\/2013\/10\/31\/telefonica-lanca-smartphone-com-firefox-os-no-mexico-peru-e-uruguai\/\">Telef\u00f3nica lan\u00e7a smartphone com Firefox OS no M\u00e9xico, Peru e Uruguai<\/a> (31 de outubro de 2013)<\/li>\n<li><a title=\"Telef\u00f4nica Vivo lan\u00e7a Smartphones com Firefox OS no Brasil\" href=\"https:\/\/blog.mozilla.org\/press-br\/2013\/10\/22\/telefonica-vivo-lanca-smartphones-com-firefox-os-no-brasil\/\">Telef\u00f4nica Vivo lan\u00e7a Smartphones com Firefox OS no Brasil<\/a> (22 de outubro de 2013)<\/li>\n<li><a title=\"Mozilla e seus parceiros d\u00e3o in\u00edcio \u00e0 segunda rodada de lan\u00e7amentos do Firefox OS em mais mercados em todo o mundo\" href=\"https:\/\/blog.mozilla.org\/press-br\/2013\/10\/09\/mozilla-e-seus-parceiros-dao-inicio-a-segunda-rodada-de-lancamentos-do-firefox-os-em-mais-mercados-em-todo-o-mundo\/&quot;\">Mozilla e seus parceiros d\u00e3o in\u00edcio \u00e0 segunda rodada de lan\u00e7amentos do Firefox OS em mais mercados em todo o mundo<\/a> (9 de outubro de 2013)<\/li>\n<li><a title=\"ZTE iniciar\u00e1, em breve, a venda de telefones Firefox OS no eBay\" href=\"https:\/\/blog.mozilla.org\/press-br\/2013\/08\/13\/zte-iniciara-em-breve-a-venda-de-telefones-firefox-os-no-ebay\/\">ZTE iniciar\u00e1, em breve, a venda de telefones Firefox OS no eBay<\/a> (13 de agosto de 2013)<\/li>\n<li><a title=\"Telefonica anuncia o lan\u00e7amento dos primeiros dispositivos Firefox OS na Am\u00e9rica Latina\" href=\"https:\/\/blog.mozilla.org\/press-br\/2013\/08\/01\/telefonica-anuncia-o-lancamento-dos-primeiros-dispositivos-firefox-os-na-america-latina-2\/\">Telefonica anuncia o lan\u00e7amento dos primeiros dispositivos Firefox OS na Am\u00e9rica Latina<\/a> (1 de agosto de 2013)<\/li>\n<li><a title=\"Deutsche Telekom anuncia o lan\u00e7amento europeu de dispositivos Firefox OS\" href=\"https:\/\/blog.mozilla.org\/press-br\/2013\/07\/11\/deutsche-telekom-anuncia-o-lancamento-europeu-de-dispositivos-firefox-os\/\">Deutsche Telekom anuncia o lan\u00e7amento europeu de dispositivos Firefox OS<\/a> (11 de julho de 2013)<\/li>\n<li><a title=\"Mozilla e parceiros se preparam para lan\u00e7ar os primeiros smartphones Firefox OS\" href=\"https:\/\/blog.mozilla.org\/press-br\/2013\/07\/01\/mozilla-e-parceiros-se-preparam-para-lancar-os-primeiros-smartphones-firefox-os\/\">Mozilla e parceiros se preparam para lan\u00e7ar os primeiros smartphones Firefox OS<\/a> (1 de julho de 2013)<\/li>\n<li><a title=\"O impulso \u00e0 Web aberta continua com a ado\u00e7\u00e3o do Firefox OS pela Foxconn\" href=\"https:\/\/blog.mozilla.org\/press-br\/2013\/06\/03\/o-impulso-a-web-aberta-continua-com-a-adocao-do-firefox-os-pela-foxconn\/\">O impulso \u00e0 Web aberta continua com a ado\u00e7\u00e3o do Firefox OS pela Foxconn<\/a> (3 de junho de 2013)<\/li>\n<li><a title=\"Geeksphone come\u00e7a a vender hoje dispositivos com Firefox OS para desenvolvedores\" href=\"https:\/\/blog.mozilla.org\/press-br\/2013\/04\/23\/geeksphone-comeca-a-vender-hoje-dispositivos-com-firefox-os-para-desenvolvedoresgeeksphone-comeca-a-vender-hoje-dispositivos-com-firefox-os-para-desenvolvedores\/\">Geeksphone come\u00e7a a vender hoje dispositivos com Firefox OS para desenvolvedores<\/a> (23 de abril de 2013)<\/li>\n<li><a title=\"Firefox OS possibilita que usu\u00e1rios descubram aplicativos sem download e Firefox Marketplace libera o potencial dos aplicativos web nos telefones m\u00f3veis\" href=\"https:\/\/blog.mozilla.org\/press-br\/2013\/02\/24\/firefox-os-possibilita-que-usuarios-descubram-aplicativos-sem-download-e-firefox-marketplace-libera-o-potencial-dos-aplicativos-web-nos-telefones-moveis\/\">Firefox OS possibilita que usu\u00e1rios descubram aplicativos sem download e Firefox Marketplace libera o potencial dos aplicativos web nos telefones m\u00f3veis<\/a> (24 de fevereiro de 2013)<\/li>\n<li><a title=\"Mozilla anuncia expans\u00e3o global do Firefox OS\" href=\"https:\/\/blog.mozilla.org\/press-br\/2013\/02\/24\/mozilla-anuncia-expansao-global-do-firefox-os\/\">Mozilla anuncia expans\u00e3o global do Firefox OS<\/a> (24 de fevereiro de 2013)<\/li>\n<li><a title=\"Mozilla no Mobile World Congress 2013\" href=\"https:\/\/blog.mozilla.org\/press-br\/2013\/02\/12\/mozilla-no-mobile-world-congress-2013\/\">Mozilla no Mobile World Congress 2013<\/a> (12 de fevereiro de 2013)<\/li>\n<li><a title=\"Site do Firefox OS\" href=\"http:\/\/www.mozilla.org\/pt-BR\/firefox\/os\/\">Site do Firefox OS<\/a><\/li>\n<li><a title=\"Logotipos\" href=\"http:\/\/www.mozilla.org\/en-US\/styleguide\/identity\/firefoxos\/branding\/\">Logotipos<\/a><\/li>\n<\/ul>\n<\/ul>\n<\/ul>\n<h4>Materiais de refer\u00eancia<\/h4>\n<ul>\n<ul>\n<ul>\n<li><a title=\"Imagens de produto\" href=\"https:\/\/blog.mozilla.org\/press-br\/biblioteca-de-midia\/imagens\/\">Imagens de produto<\/a><\/li>\n<li><a href=\"http:\/\/amara.org\/en\/videos\/mXJirO3O6edb\/url\/700446\/\">V\u00eddeo demo do LG Fireweb<\/a><\/li>\n<li><a title=\"Infogr\u00e1fico - Como o Firefox OS conecta HTML5 ao hardware\" href=\"https:\/\/blog.mozilla.org\/press-br\/files\/2013\/10\/Firefox_Layers_CMYK_ES.jpg\">Infogr\u00e1fico &#8211; Como o Firefox OS conecta HTML5 ao hardware<\/a><\/li>\n<li><a title=\"Guia para o Firefox OS\" href=\"http:\/\/blog.mozilla.org\/press-br\/files\/2013\/10\/FF-Mobile-Guide_Port_Final_10_21_13.pdf\">Guia para o Firefox OS<\/a><\/li>\n<li><a title=\"Imagens de imprensa do Firefox OS no Flickr\" href=\"http:\/\/www.flickr.com\/photos\/mozillaeu\/sets\/72157634423298243\/\">Imagens de imprensa do Firefox OS no Flickr<\/a>, Madrid (1 de julho de 2013)<\/li>\n<\/ul>\n<\/ul>\n<\/ul>\n","protected":false},"excerpt":{"rendered":"<p>Firefox OS Links \u00fateis Telef\u00f3nica lan\u00e7a smartphone com Firefox OS no M\u00e9xico, Peru e Uruguai (31 de outubro de 2013) Telef\u00f4nica Vivo lan\u00e7a Smartphones com Firefox OS no Brasil (22 &hellip; <a class=\"go\" href=\"https:\/\/blog.mozilla.org\/press-br\/kit-de-imprensa-do-firefox\/firefox-os\/\">Leia mais<\/a><\/p>\n","protected":false},"author":631,"featured_media":0,"parent":8,"menu_order":0,"comment_status":"closed","ping_status":"closed","template":"press-kits.php","meta":{"footnotes":""},"_links":{"self":[{"href":"https:\/\/blog.mozilla.org\/press-br\/wp-json\/wp\/v2\/pages\/111"}],"collection":[{"href":"https:\/\/blog.mozilla.org\/press-br\/wp-json\/wp\/v2\/pages"}],"about":[{"href":"https:\/\/blog.mozilla.org\/press-br\/wp-json\/wp\/v2\/types\/page"}],"author":[{"embeddable":true,"href":"https:\/\/blog.mozilla.org\/press-br\/wp-json\/wp\/v2\/users\/631"}],"replies":[{"embeddable":true,"href":"https:\/\/blog.mozilla.org\/press-br\/wp-json\/wp\/v2\/comments?post=111"}],"version-history":[{"count":0,"href":"https:\/\/blog.mozilla.org\/press-br\/wp-json\/wp\/v2\/pages\/111\/revisions"}],"up":[{"embeddable":true,"href":"https:\/\/blog.mozilla.org\/press-br\/wp-json\/wp\/v2\/pages\/8"}],"wp:attachment":[{"href":"https:\/\/blog.mozilla.org\/press-br\/wp-json\/wp\/v2\/media?parent=111"}],"curies":[{"name":"wp","href":"https:\/\/api.w.org\/{rel}","templated":true}]}}