{"id":301,"date":"2013-11-06T21:53:17","date_gmt":"2013-11-06T23:53:17","guid":{"rendered":"http:\/\/blog.mozilla.org\/press-br\/?page_id=301"},"modified":"2013-11-07T02:37:43","modified_gmt":"2013-11-07T04:37:43","slug":"diretorio-de-blogs-da-mozilla","status":"publish","type":"page","link":"https:\/\/blog.mozilla.org\/press-br\/diretorio-de-blogs-da-mozilla\/","title":{"rendered":"Diret\u00f3rio de blogs da Mozilla"},"content":{"rendered":"<p>As equipes da Mozilla escrevem sobre uma grande variedade de temas, como atualiza\u00e7\u00f5es sobre produtos e iniciativas, esfor\u00e7os da Mozilla com rela\u00e7\u00e3o \u00e0 privacidade e seguran\u00e7a, documenta\u00e7\u00e3o para desenvolvedores, demos, not\u00edcias da comunidade e muito mais. Veja a seguir um resumo dos blogs mais importantes para ajuda-lo a navegar por meio do universo de blogs da Mozilla.<\/p>\n<p><strong><a href=\"https:\/\/blog.mozilla.org\/\">Blog da Mozilla<\/a><\/strong><\/p>\n<p>O blog principal da Mozilla para todos os comunicados oficiais de imprensa, notas e novidades do projeto Mozilla. Espa\u00e7o dedicado a revelar atualiza\u00e7\u00f5es das novas vers\u00f5es do Firefox, novas iniciativas, produtos e outros temas e not\u00edcias relevantes sobre a Mozilla. Se voc\u00ea quer seguir apenas um blog, este \u00e9 o mais completo.<\/p>\n<p><a href=\"https:\/\/blog.mozilla.org\/futurereleases\/\"><strong>O futuro do Firefox<\/strong><\/a><\/p>\n<p>O blog dedicado ao \u201cfuturo do Firefox\u201d \u00e9 para todos aqueles que queiram saber o que est\u00e1 acontecendo com a atual vers\u00e3o beta e aurora do Firefox, tanto para desktop quanto para celulares. \u00c9 poss\u00edvel acessar mais informa\u00e7\u00f5es sobre as pr\u00f3ximas fun\u00e7\u00f5es e caracter\u00edsticas do Firefox, bem como a ferramenta para testers que queiram dar sua opini\u00e3o sobre as novidades.<\/p>\n<p><a href=\"https:\/\/blog.mozilla.org\/privacy\/\"><strong>Privacidade<\/strong><\/a><\/p>\n<p>O blog de privacidade da Mozilla cobre os \u00faltimos avan\u00e7os em seguran\u00e7a e privacidade de dados. Informa\u00e7\u00f5es atualizadas sobre op\u00e7\u00f5es de seguran\u00e7a, como a op\u00e7\u00e3o \u201cN\u00e3o Rastrear\u201d e os esfor\u00e7os da Mozilla quanto a pol\u00edticas de privacidade e outras iniciativas importantes.<\/p>\n<p><a href=\"https:\/\/blog.mozilla.org\/security\/\"><strong>Seguran\u00e7a<\/strong><\/a><\/p>\n<p>A equipe de seguran\u00e7a da Mozilla escreve sobre as not\u00edcias e os desenvolvimentos relacionados com a seguran\u00e7a do navegador e oferece informa\u00e7\u00f5es atualizadas sobre as revis\u00f5es de seguran\u00e7a, processos de testes, corre\u00e7\u00f5es e muito mais.<\/p>\n<p><a href=\"http:\/\/identity.mozilla.com\/\"><strong>Identidade<\/strong><\/a><\/p>\n<p>Blog gerenciado pela equipe de identidade da Mozilla. Este blog pretende informar sobre as \u00faltimas novidades com rela\u00e7\u00e3o \u00e0 BrowserID e Persona, o novo sistema de identidade da Mozilla para a Web.<\/p>\n<p><a href=\"https:\/\/hacks.mozilla.org\"><strong>Hacks<\/strong><\/a><\/p>\n<p>Mozilla Hacks demonstra por meio de documentos e demos o que est\u00e1 sendo feito com o Firefox e a Internet aberta pelos mozilleiros. Os desenvolvedores encontrar\u00e3o uma grande variedade de artigos, pesquisas e demos novos e interessantes. At\u00e9 usu\u00e1rios sem grandes conhecimentos t\u00e9cnicos e de programa\u00e7\u00e3o podem achar o material muito interessante<\/p>\n<p><a href=\"https:\/\/blog.mozilla.org\/community\/\"><strong>Comunidade<\/strong><\/a><\/p>\n<p>Este blog \u00e9 feito por e para a comunidade Mozilla. \u00c9 para todos aqueles que queiram estar atualizados sobre o que est\u00e1 acontecendo na comunidade de colaboradores da Mozilla em todo o mundo, e inclui atualiza\u00e7\u00f5es de eventos, ferramentas da comunidade e dicas \u00fateis para os volunt\u00e1rios.<\/p>\n<p><a href=\"https:\/\/blog.mozilla.org\/labs\/\"><strong>Mozilla Labs<\/strong><\/a><\/p>\n<p>Este blog \u00e9 para todos aqueles que queiram saber o que est\u00e1 acontecendo na divis\u00e3o experimental do Mozilla Labs. A equipe do Mozilla Lab escreve sobre seus experimentos e inova\u00e7\u00f5es tecnol\u00f3gicas, de jogos ou v\u00eddeos web a WebFWD (o programa de tr\u00eas meses da Mozilla para desenvolvimento de empresas). O WebFWD tamb\u00e9m tem seu pr\u00f3prio blog, para todos aqueles que queiram saber mais sobre o programa.<\/p>\n<h2>Mais blogs da Mozilla<\/h2>\n<p><strong><a href=\"https:\/\/blog.lizardwrangler.com\/\">Lizard Wrangling: Mitchell on Mozilla and more<\/a><\/strong><\/p>\n<p>Mitchell Baker \u00e9 presidente da Funda\u00e7\u00e3o Mozilla e l\u00edder do projeto Mozilla. Em seu blog, ela escreve sobre a Mozilla, o poder do usu\u00e1rio e a Web aberta.<\/p>\n<p><strong><a href=\"https:\/\/brendaneich.com\/\">Brendan Eich&#8217;s Blog<\/a><\/strong><\/p>\n<p>Brendan Eich \u00e9 CTO da Mozilla, bastante conhecido por suas contribui\u00e7\u00f5es para a evolu\u00e7\u00e3o da Web, incluindo a inven\u00e7\u00e3o do JavaScript, cuja normaliza\u00e7\u00e3o e evolu\u00e7\u00e3o ela lidera. Seu blog \u00e9 para os apaixonados pelo JavaScript e pelas tecnologias de Web aberta.<\/p>\n<h2>Salas de imprensa<\/h2>\n<p>As salas de imprensa da Mozilla tamb\u00e9m s\u00e3o blogs. Atualmente, est\u00e3o dispon\u00edveis em sete regi\u00f5es e seis idiomas. Para conhecer os comunicados de imprensa e materiais para seu idioma, visite uma das seguintes salas de imprensa:<\/p>\n<ul>\n<li><a href=\"https:\/\/blog.mozilla.org\/press\/\">Sala de Imprensa da Mozilla na EUA<\/a><\/li>\n<li><a href=\"https:\/\/blog.mozilla.org\/press-uk\/\">Sala de Imprensa da Mozilla na Reino Unido<\/a><\/li>\n<li><a href=\"https:\/\/blog.mozilla.org\/press-es\/\">Sala de Imprensa da Mozilla na Espanha<\/a><\/li>\n<li><a href=\"https:\/\/blog.mozilla.org\/press-fr\/\">Sala de Imprensa da Mozilla na Fran\u00e7a<\/a><\/li>\n<li><a href=\"https:\/\/blog.mozilla.org\/press-it\/\">Sala de Imprensa da Mozilla na It\u00e1lia<\/a><\/li>\n<li><a href=\"https:\/\/blog.mozilla.org\/press-de\/\">Sala de Imprensa da Mozilla na Alemanha<\/a><\/li>\n<li><a href=\"https:\/\/blog.mozilla.org\/press-pl\/\">Sala de Imprensa da Mozilla na Pol\u00f4nia<\/a><\/li>\n<li><a href=\"https:\/\/blog.mozilla.org\/press-latam\/\">Sala de Imprensa da Mozilla &#8211; Am\u00e9rica Latina<\/a><\/li>\n<\/ul>\n","protected":false},"excerpt":{"rendered":"<p>As equipes da Mozilla escrevem sobre uma grande variedade de temas, como atualiza\u00e7\u00f5es sobre produtos e iniciativas, esfor\u00e7os da Mozilla com rela\u00e7\u00e3o \u00e0 privacidade e seguran\u00e7a, documenta\u00e7\u00e3o para desenvolvedores, demos, &hellip; <a class=\"go\" href=\"https:\/\/blog.mozilla.org\/press-br\/diretorio-de-blogs-da-mozilla\/\">Leia mais<\/a><\/p>\n","protected":false},"author":631,"featured_media":0,"parent":0,"menu_order":0,"comment_status":"closed","ping_status":"closed","template":"","meta":{"footnotes":""},"_links":{"self":[{"href":"https:\/\/blog.mozilla.org\/press-br\/wp-json\/wp\/v2\/pages\/301"}],"collection":[{"href":"https:\/\/blog.mozilla.org\/press-br\/wp-json\/wp\/v2\/pages"}],"about":[{"href":"https:\/\/blog.mozilla.org\/press-br\/wp-json\/wp\/v2\/types\/page"}],"author":[{"embeddable":true,"href":"https:\/\/blog.mozilla.org\/press-br\/wp-json\/wp\/v2\/users\/631"}],"replies":[{"embeddable":true,"href":"https:\/\/blog.mozilla.org\/press-br\/wp-json\/wp\/v2\/comments?post=301"}],"version-history":[{"count":0,"href":"https:\/\/blog.mozilla.org\/press-br\/wp-json\/wp\/v2\/pages\/301\/revisions"}],"wp:attachment":[{"href":"https:\/\/blog.mozilla.org\/press-br\/wp-json\/wp\/v2\/media?parent=301"}],"curies":[{"name":"wp","href":"https:\/\/api.w.org\/{rel}","templated":true}]}}