{"id":1096,"date":"2013-10-09T10:43:50","date_gmt":"2013-10-09T08:43:50","guid":{"rendered":"http:\/\/blog.mozilla.org\/press-de\/?page_id=1096"},"modified":"2015-03-11T11:30:13","modified_gmt":"2015-03-11T10:30:13","slug":"firefox-os-pressematerial","status":"publish","type":"page","link":"https:\/\/blog.mozilla.org\/press-de\/firefox-os-pressematerial\/","title":{"rendered":"Firefox OS Pressematerial"},"content":{"rendered":"<h2>Firefox OS<\/h2>\n<h4>N\u00fctzliche Links<\/h4>\n<ul>\n<li>Pressemitteilung zum Mobile World Congress 2015: <a title=\"Firefox OS beweist die Flexibilit\u00e4t des Web: \u00d6kosystem expandiert 2015 mit weiteren Partnern und Ger\u00e4tekategorien und in neue Regionen\" href=\"https:\/\/blog.mozilla.org\/press-de\/2015\/03\/01\/firefox-os-beweist-die-flexibilitat-des-web-okosystem-expandiert-2015-mit-weiteren-partnern-und-geratekategorien-und-in-neue-regionen\/\">Firefox OS beweist die Flexibilit\u00e4t des Web: \u00d6kosystem expandiert 2015 mit weiteren Partnern und Ger\u00e4tekategorien und in neue Regionen<\/a> (01.03.2015)<\/li>\n<li><a title=\"Firefox OS weiter auf dem Vormarsch: Neue Ger\u00e4te, M\u00e4rkte und Kategorien\" href=\"http:\/\/blog.mozilla.org\/press-de\/2014\/07\/17\/firefox-os-weiter-auf-dem-vormarsch-neue-gerate-markte-und-kategorien\/\" target=\"_blank\">Firefox OS weiter auf dem Vormarsch: Neue Ger\u00e4te, M\u00e4rkte und Kategorien<\/a> (17.07.2014)<\/li>\n<li><a href=\"https:\/\/blog.mozilla.org\/press-de\/2014\/02\/23\/firefox-os-ist-richtungsweisend-fur-die-zukunft-des-mobilen-marktes\/\" target=\"_blank\">Firefox OS ist richtungsweisend f\u00fcr die Zukunft des mobilen Marktes<\/a> (23.02.2014)<\/li>\n<li><a href=\"https:\/\/blog.mozilla.org\/press-de\/2014\/02\/23\/mit-high-end-geraten-und-einem-neuen-einstiegsniveau-bei-smartphones-erobert-firefox-os-weitere-marktsegmente\/\" target=\"_blank\">Mit High-End-Ger\u00e4ten und einem neuen Einstiegsniveau bei Smartphones erobert Firefox OS weitere Marktsegmente<\/a> (23.02.2014)<\/li>\n<li><a href=\"https:\/\/blog.mozilla.org\/press-de\/2014\/02\/23\/neue-entwickler-hardware-und-tools-bringen-firefox-os-weiter-voran\/\" target=\"_blank\">Neue Entwickler-Hardware und -Tools bringen Firefox OS weiter voran<\/a> (23.02.2014)<\/li>\n<li>Partnermeldungen zum Mobile World Congress 2014: <a href=\"http:\/\/pressoffice.telefonica.com\/jsp\/base.jsp?contenido=\/jsp\/notasdeprensa\/notadetalle.jsp&amp;id=0&amp;origen=portada&amp;idm=eng&amp;pais=1&amp;elem=20595\" target=\"_blank\">Telef\u00f3nica<\/a> und <a href=\"http:\/\/www.telekom.com\/medien\/konzern\/216480\" target=\"_blank\">Deutsche Telekom<\/a> (23.02.2014)<\/li>\n<li><a title=\"Erstes Firefox OS Smartphone geht in Deutschland an den Start\" href=\"https:\/\/blog.mozilla.org\/press-de\/2013\/10\/15\/erstes-firefox-os-smartphone-geht-in-deutschland-an-den-start\/\">Erstes Firefox OS Smartphone geht in Deutschland an den Start<\/a> (15.10.2013)<\/li>\n<li><a title=\"Zweite Launch-Runde: Mozilla und Partner machen sich bereit f\u00fcr die kommenden Firefox OS-M\u00e4rkte\" href=\"https:\/\/blog.mozilla.org\/press-de\/2013\/10\/09\/zweite-launch-runde-mozilla-und-partner-machen-sich-bereit-fur-die-kommenden-firefox-os-markte\/\">Zweite Launch-Runde: Mozilla und Partner machen sich bereit f\u00fcr die kommenden Firefox OS-M\u00e4rkte<\/a>\u00a0(09.10.2013)<\/li>\n<li><a title=\"Firefox OS Website\" href=\"http:\/\/www.mozilla.org\/firefox\/os\/\">Firefox OS Website<\/a><\/li>\n<\/ul>\n<h4>Referenz-Materialien<\/h4>\n<ul>\n<li><a title=\"Screenshots\" href=\"https:\/\/blog.mozilla.org\/press-de\/medienbibliothek\/produkt-screenshots\/\">Screenshots und Produktbilder<\/a><\/li>\n<li><a title=\"Firefox OS Logos\" href=\"http:\/\/www.mozilla.org\/en-US\/styleguide\/identity\/firefoxos\/branding\/\">Logos<\/a><\/li>\n<li>Pressebilder auf Flickr:\n<ul>\n<li><a title=\"Mozilla auf dem Mobile World Congress 2015\" href=\"https:\/\/www.flickr.com\/photos\/mozillaeu\/sets\/72157648816761233\/\">Mozilla auf dem Mobile World Congress 2015<\/a><\/li>\n<li><a title=\"Mozilla auf dem MWC 2014\" href=\"http:\/\/www.flickr.com\/photos\/mozillaeu\/sets\/72157641410142585\/\">Mozilla auf dem Mobile World Congress 2014<\/a><\/li>\n<li><a title=\"Firefox OS Debut in Poland\" href=\"http:\/\/www.flickr.com\/photos\/mozillaeu\/sets\/72157634590870437\/\">Firefox OS Deb\u00fct in Polen<\/a><\/li>\n<li><a title=\"Firefox OS Deb\u00fct in Spanien\" href=\"http:\/\/www.flickr.com\/photos\/mozillaeu\/sets\/72157634423298243\/\">Firefox OS Deb\u00fct in Spanien<\/a><\/li>\n<li><a title=\"Mozilla auf dem MWC 2013\" href=\"http:\/\/www.flickr.com\/photos\/mozillaeu\/sets\/72157632841373411\/\">Mozilla auf dem Mobile World Congress 2013<\/a><\/li>\n<\/ul>\n<\/li>\n<li>Pressegrafik: Wie Firefox OS HTML5 mit der Hardware verbindet <a href=\"http:\/\/blog.mozilla.org\/press-de\/files\/2013\/06\/Firefox_Layers_RGB.jpg\">1,9mb JPEG<\/a> (Web) oder <a href=\"http:\/\/blog.mozilla.org\/press-de\/files\/2013\/06\/Firefox_Layers_CMYK.jpg\">4,7mb JPEG<\/a> (Print)<\/li>\n<li>Firefox OS Features Guide 2013:\u00a0Firefox OS \u2013 die wichtigsten Features (<a title=\"Firefox OS Features Guide\" href=\"https:\/\/blog.mozilla.org\/press-de\/files\/2013\/10\/FirefoxOS_Features_Guide_Deutsch.pdf\">6,7mb PDF<\/a>)<\/li>\n<li>Firefox OS B-Roll:<a title=\"Firefox OS B-Roll\" href=\"videos-cdn.mozilla.net\/uploads\/B-Roll\/FirefoxOS%20b-roll1.zip\" target=\"_blank\"> 118mb MPEG4 video<\/a> (gezippt)<\/li>\n<li>Video: <a title=\"Firefox OS Demo - ZTE Open and ALCATEL ONE TOUCH Fire\" href=\"http:\/\/www.youtube.com\/watch?v=Iu8q-oISbas&amp;feature=youtu.be\">Firefox OS Demo \u2013 ZTE Open und ALCATEL ONE TOUCH Fire <\/a>(englisch)<\/li>\n<li>Video: <a title=\"Firefox OS Demo - LG Fireweb\" href=\"http:\/\/www.youtube.com\/watch?feature=player_embedded&amp;v=t_7sTP7IRn4\">Firefox OS Demo \u2013 LG Fireweb <\/a>(englisch)<\/li>\n<\/ul>\n<p>&nbsp;<\/p>\n","protected":false},"excerpt":{"rendered":"<p>Firefox OS N\u00fctzliche Links Pressemitteilung zum Mobile World Congress 2015: Firefox OS beweist die Flexibilit\u00e4t des Web: \u00d6kosystem expandiert 2015 mit weiteren Partnern und Ger\u00e4tekategorien und in neue Regionen (01.03.2015) &hellip; <a class=\"go\" href=\"https:\/\/blog.mozilla.org\/press-de\/firefox-os-pressematerial\/\">Mehr lesen<\/a><\/p>\n","protected":false},"author":436,"featured_media":0,"parent":0,"menu_order":0,"comment_status":"closed","ping_status":"closed","template":"","meta":{"footnotes":""},"_links":{"self":[{"href":"https:\/\/blog.mozilla.org\/press-de\/wp-json\/wp\/v2\/pages\/1096"}],"collection":[{"href":"https:\/\/blog.mozilla.org\/press-de\/wp-json\/wp\/v2\/pages"}],"about":[{"href":"https:\/\/blog.mozilla.org\/press-de\/wp-json\/wp\/v2\/types\/page"}],"author":[{"embeddable":true,"href":"https:\/\/blog.mozilla.org\/press-de\/wp-json\/wp\/v2\/users\/436"}],"replies":[{"embeddable":true,"href":"https:\/\/blog.mozilla.org\/press-de\/wp-json\/wp\/v2\/comments?post=1096"}],"version-history":[{"count":0,"href":"https:\/\/blog.mozilla.org\/press-de\/wp-json\/wp\/v2\/pages\/1096\/revisions"}],"wp:attachment":[{"href":"https:\/\/blog.mozilla.org\/press-de\/wp-json\/wp\/v2\/media?parent=1096"}],"curies":[{"name":"wp","href":"https:\/\/api.w.org\/{rel}","templated":true}]}}