{"id":1714,"date":"2014-11-07T11:48:18","date_gmt":"2014-11-07T10:48:18","guid":{"rendered":"http:\/\/blog.mozilla.org\/press-de\/?page_id=1714"},"modified":"2014-11-10T15:39:37","modified_gmt":"2014-11-10T14:39:37","slug":"firefox-fun-facts","status":"publish","type":"page","link":"https:\/\/blog.mozilla.org\/press-de\/firefox-pressematerial\/firefox-fun-facts\/","title":{"rendered":"Firefox Fun Facts"},"content":{"rendered":"<p><a href=\"http:\/\/blog.mozilla.org\/press-de\/files\/2014\/11\/heart-mozilla.png\" target=\"_blank\"><img decoding=\"async\" loading=\"lazy\" class=\"alignnone  wp-image-1705\" src=\"http:\/\/blog.mozilla.org\/press-de\/files\/2014\/11\/heart-mozilla-160x160.png\" alt=\"heart mozilla\" width=\"105\" height=\"105\" srcset=\"https:\/\/blog.mozilla.org\/press-de\/files\/2014\/11\/heart-mozilla-160x160.png 160w, https:\/\/blog.mozilla.org\/press-de\/files\/2014\/11\/heart-mozilla-252x252.png 252w, https:\/\/blog.mozilla.org\/press-de\/files\/2014\/11\/heart-mozilla.png 512w\" sizes=\"(max-width: 105px) 100vw, 105px\" \/><\/a><\/p>\n<p>1. Firefox ist Open Source und der einzige Browser von einer Non-Profit-Organisation mit einem gemeinn\u00fctzigen Ziel.<\/p>\n<p><a href=\"http:\/\/blog.mozilla.org\/press-de\/files\/2014\/11\/firefox-for-Android.jpg\" target=\"_blank\"><img decoding=\"async\" loading=\"lazy\" class=\"alignnone  wp-image-1702\" src=\"http:\/\/blog.mozilla.org\/press-de\/files\/2014\/11\/firefox-for-Android-160x160.jpg\" alt=\"firefox-for Android\" width=\"105\" height=\"105\" \/><\/a><\/p>\n<p>2. Firefox gibt es nicht nur f\u00fcr PCs mit Windows, Mac und Linux, sondern auch f\u00fcr Android-Smartphones und Tablets. Firefox f\u00fcr Android wurde mittlerweile 80 Millionen Mal aus dem Google Play Store heruntergeladen.<\/p>\n<p><a href=\"http:\/\/blog.mozilla.org\/press-de\/files\/2014\/11\/Install-Firefox-Add-ons-by-Ken-Saunders-2014.png\" target=\"_blank\"><img decoding=\"async\" loading=\"lazy\" class=\"alignnone  wp-image-1701\" src=\"http:\/\/blog.mozilla.org\/press-de\/files\/2014\/11\/Install-Firefox-Add-ons-by-Ken-Saunders-2014-160x160.png\" alt=\"Install-Firefox-Add-ons-by-Ken-Saunders-2014\" width=\"105\" height=\"105\" \/><\/a><\/p>\n<p>3. Firefox war der erste Browser mit Themes und mit Add-Ons: kleinen Software-Bl\u00f6cken, die neue Funktionen, n\u00fctzliche Extras oder ein individuelles Firefox Design erm\u00f6glichen. Fast 4 Milliarden Add-Ons wurden heruntergeladen, seit wir diese M\u00f6glichkeit er\u00f6ffnet haben.<\/p>\n<p><a href=\"http:\/\/blog.mozilla.org\/press-de\/files\/2014\/11\/One-Mozilla.png\" target=\"_blank\"><img decoding=\"async\" loading=\"lazy\" class=\"alignnone  wp-image-1708\" src=\"http:\/\/blog.mozilla.org\/press-de\/files\/2014\/11\/One-Mozilla-160x160.png\" alt=\"One Mozilla\" width=\"105\" height=\"105\" \/><\/a><\/p>\n<p>4. Eine weltweite Gemeinschaft von Freiwilligen \u00fcbersetzt Firefox in fast 90 Sprachen &#8211; f\u00fcr diejenige H\u00e4lfte der Nutzer, die nicht die englische Version verwendet. Das Team von &#8222;Access Firefox&#8220; sichert auch Nutzern mit visuellen oder motorischen Einschr\u00e4nkungen den Zugang zur jeweils neuesten Firefox-Version.<\/p>\n<p><a href=\"http:\/\/blog.mozilla.org\/press-de\/files\/2014\/11\/FirefoxOS-logo_610x385.png\" target=\"_blank\"><img decoding=\"async\" loading=\"lazy\" class=\"alignnone  wp-image-1707\" src=\"http:\/\/blog.mozilla.org\/press-de\/files\/2014\/11\/FirefoxOS-logo_610x385-160x160.png\" alt=\"FirefoxOS-logo_610x385\" width=\"105\" height=\"105\" \/><\/a><\/p>\n<p>5. Firefox hat das erste wirklich offene mobile Betriebssystem f\u00fcr Smartphones ver\u00f6ffentlicht. Smartphones auf FirefoxOS-Basis sind inzwischen in 24 L\u00e4ndern in Asien, Europa und Lateinamerika erh\u00e4ltlich.<\/p>\n<p><a href=\"http:\/\/blog.mozilla.org\/press-de\/files\/2014\/11\/firefox-developer_logo-only_RGB-edited.jpg\" target=\"_blank\"><img decoding=\"async\" loading=\"lazy\" class=\"alignnone  wp-image-1727\" src=\"http:\/\/blog.mozilla.org\/press-de\/files\/2014\/11\/firefox-developer_logo-only_RGB-edited-160x160.jpg\" alt=\"firefox-developer_logo-only_RGB edited\" width=\"105\" height=\"105\" \/><\/a><\/p>\n<p>6. Die Firefox Developer Edition ist der erste Browser, der eigens f\u00fcr Entwickler geschaffen wurde.<\/p>\n<p><a href=\"http:\/\/blog.mozilla.org\/press-de\/files\/2014\/11\/Fx-ForgetMenu_de.jpg\" target=\"_blank\"><img decoding=\"async\" loading=\"lazy\" class=\"alignnone  wp-image-1711\" src=\"http:\/\/blog.mozilla.org\/press-de\/files\/2014\/11\/Fx-ForgetMenu_de-160x160.jpg\" alt=\"Fx-ForgetMenu_de\" width=\"105\" height=\"105\" \/><\/a><\/p>\n<p>7. Mozilla hat sich dem Ziel verschrieben, die Online-Privatsph\u00e4re des Einzelnen zu sichern und die Kontrolle stets beim Nutzer zu belassen. Deshalb enth\u00e4lt Firefox Tools zur Sicherung der Privatsph\u00e4re wie Do Not Track, den privaten und den G\u00e4stemodus sowie neue Features wie den Forget Button.<\/p>\n<p><a href=\"http:\/\/blog.mozilla.org\/press-de\/files\/2014\/11\/WebGL.jpg\" target=\"_blank\"><img decoding=\"async\" loading=\"lazy\" class=\"alignnone  wp-image-1709\" src=\"http:\/\/blog.mozilla.org\/press-de\/files\/2014\/11\/WebGL-160x160.jpg\" alt=\"WebGL\" width=\"105\" height=\"105\" srcset=\"https:\/\/blog.mozilla.org\/press-de\/files\/2014\/11\/WebGL-160x160.jpg 160w, https:\/\/blog.mozilla.org\/press-de\/files\/2014\/11\/WebGL-252x252.jpg 252w, https:\/\/blog.mozilla.org\/press-de\/files\/2014\/11\/WebGL.jpg 580w\" sizes=\"(max-width: 105px) 100vw, 105px\" \/><\/a><\/p>\n<p>8. Firefox hat als Erster 3D-Gaming im Browser sowohl auf dem Desktop als auch mobil zum Leben erweckt &#8211; dank der WebGL-Technologie, die von allen g\u00e4ngigen Brwosern unterst\u00fctzt wird.<\/p>\n<p><a href=\"http:\/\/blog.mozilla.org\/press-de\/files\/2014\/11\/gecko-logo_0064_65.png\" target=\"_blank\"><img decoding=\"async\" loading=\"lazy\" class=\"alignnone  wp-image-1706\" src=\"http:\/\/blog.mozilla.org\/press-de\/files\/2014\/11\/gecko-logo_0064_65-160x160.png\" alt=\"gecko logo_0064_65\" width=\"105\" height=\"105\" srcset=\"https:\/\/blog.mozilla.org\/press-de\/files\/2014\/11\/gecko-logo_0064_65-160x160.png 160w, https:\/\/blog.mozilla.org\/press-de\/files\/2014\/11\/gecko-logo_0064_65-252x252.png 252w, https:\/\/blog.mozilla.org\/press-de\/files\/2014\/11\/gecko-logo_0064_65.png 300w\" sizes=\"(max-width: 105px) 100vw, 105px\" \/><\/a><\/p>\n<p>9. Firefox ist im Grunde genommen eine Echse: Denn das Herzst\u00fcck ist die Web Engine Gecko, die in etwa von einem Viertel des Web genutzt wird und ihm neue Einsatzm\u00f6glichkeiten beschert hat. Das hat die Interoperabilit\u00e4t dramatisch erh\u00f6ht.<\/p>\n<p><a href=\"http:\/\/blog.mozilla.org\/press-de\/files\/2014\/11\/nyt_ad_large_2004.jpg\" target=\"_blank\"><img decoding=\"async\" loading=\"lazy\" class=\"alignnone  wp-image-1703\" src=\"http:\/\/blog.mozilla.org\/press-de\/files\/2014\/11\/nyt_ad_large_2004-160x160.jpg\" alt=\"nyt_ad_large_2004\" width=\"105\" height=\"105\" \/><\/a><\/p>\n<p>10. \u00dcber 10.000 Spender dr\u00fcckten ihre Unterst\u00fctzung der Mozilla-Mission damit aus, dass sie 2004 gemeinsam eine ganzseitige Anzeige in der New York Times bezahlten, um den Launch von Firefox 1.0 zu feiern.<\/p>\n","protected":false},"excerpt":{"rendered":"<p>1. Firefox ist Open Source und der einzige Browser von einer Non-Profit-Organisation mit einem gemeinn\u00fctzigen Ziel. 2. Firefox gibt es nicht nur f\u00fcr PCs mit Windows, Mac und Linux, sondern &hellip; <a class=\"go\" href=\"https:\/\/blog.mozilla.org\/press-de\/firefox-pressematerial\/firefox-fun-facts\/\">Mehr lesen<\/a><\/p>\n","protected":false},"author":550,"featured_media":0,"parent":27,"menu_order":0,"comment_status":"closed","ping_status":"closed","template":"","meta":{"footnotes":""},"_links":{"self":[{"href":"https:\/\/blog.mozilla.org\/press-de\/wp-json\/wp\/v2\/pages\/1714"}],"collection":[{"href":"https:\/\/blog.mozilla.org\/press-de\/wp-json\/wp\/v2\/pages"}],"about":[{"href":"https:\/\/blog.mozilla.org\/press-de\/wp-json\/wp\/v2\/types\/page"}],"author":[{"embeddable":true,"href":"https:\/\/blog.mozilla.org\/press-de\/wp-json\/wp\/v2\/users\/550"}],"replies":[{"embeddable":true,"href":"https:\/\/blog.mozilla.org\/press-de\/wp-json\/wp\/v2\/comments?post=1714"}],"version-history":[{"count":0,"href":"https:\/\/blog.mozilla.org\/press-de\/wp-json\/wp\/v2\/pages\/1714\/revisions"}],"up":[{"embeddable":true,"href":"https:\/\/blog.mozilla.org\/press-de\/wp-json\/wp\/v2\/pages\/27"}],"wp:attachment":[{"href":"https:\/\/blog.mozilla.org\/press-de\/wp-json\/wp\/v2\/media?parent=1714"}],"curies":[{"name":"wp","href":"https:\/\/api.w.org\/{rel}","templated":true}]}}