{"id":27,"date":"2012-06-27T12:26:32","date_gmt":"2012-06-27T10:26:32","guid":{"rendered":"http:\/\/blog.mozilla.org\/press-de\/?page_id=27"},"modified":"2018-03-01T22:32:25","modified_gmt":"2018-03-01T21:32:25","slug":"firefox-pressematerial","status":"publish","type":"page","link":"https:\/\/blog.mozilla.org\/press-de\/firefox-pressematerial\/","title":{"rendered":"Firefox Pressematerial"},"content":{"rendered":"<h2>Firefox<\/h2>\n<h4>N\u00fctzliche Links<\/h4>\n<ul>\n<li><a href=\"http:\/\/www.mozilla.org\/de\/firefox\/features\/\">Features<\/a><\/li>\n<li><a href=\"http:\/\/blog.mozilla.org\/press-de\/firefox-pressematerial\/firefox-fun-facts%20\" target=\"_blank\" rel=\"noopener\">Firefox Fun Facts<\/a><\/li>\n<\/ul>\n<h4>Referenz-Materialien<\/h4>\n<ul>\n<li><a href=\"https:\/\/design.firefox.com\/photon\/visuals\/product-identity-assets.html\">Firefox marke<\/a><\/li>\n<li><a href=\"https:\/\/mozilla.ninja\/\">Mozilla marke<\/a><\/li>\n<\/ul>\n<h2>Firefox f\u00fcr Android<\/h2>\n<h4>N\u00fctzliche Links<\/h4>\n<ul>\n<li><a href=\"http:\/\/www.mozilla.org\/en-US\/mobile\/faq\/\" target=\"_blank\" rel=\"noopener\">H\u00e4ufig gestellte Fragen<\/a> (englisch)<\/li>\n<li><a href=\"http:\/\/support.mozilla.org\/de\/kb\/was-ist-firefox-sync\">Synchronisieren<\/a><\/li>\n<li><a href=\"https:\/\/developer.mozilla.org\/de\/mobile\">Entwickeln f\u00fcr mobile Ger\u00e4te<\/a><\/li>\n<\/ul>\n<h4>Referenz-Materialien<\/h4>\n<ul>\n<li><a href=\"https:\/\/www.youtube.com\/watch?v=uKqyxhEUrBg\" target=\"_blank\" rel=\"noopener\">Video: \u00dcberblick der neuen Features in Firefox f\u00fcr Android<\/a><\/li>\n<li><a href=\"https:\/\/www.youtube.com\/watch?v=XX6N0K8gcNs\" target=\"_blank\" rel=\"noopener\">Video: So schnell startet der neue Firefox f\u00fcr Android<\/a><\/li>\n<\/ul>\n<p>&nbsp;<\/p>\n","protected":false},"excerpt":{"rendered":"<p>Firefox N\u00fctzliche Links Features Firefox Fun Facts Referenz-Materialien Firefox marke Mozilla marke Firefox f\u00fcr Android N\u00fctzliche Links H\u00e4ufig gestellte Fragen (englisch) Synchronisieren Entwickeln f\u00fcr mobile Ger\u00e4te Referenz-Materialien Video: \u00dcberblick der &hellip; <a class=\"go\" href=\"https:\/\/blog.mozilla.org\/press-de\/firefox-pressematerial\/\">Mehr lesen<\/a><\/p>\n","protected":false},"author":436,"featured_media":0,"parent":0,"menu_order":0,"comment_status":"closed","ping_status":"closed","template":"","meta":{"footnotes":""},"_links":{"self":[{"href":"https:\/\/blog.mozilla.org\/press-de\/wp-json\/wp\/v2\/pages\/27"}],"collection":[{"href":"https:\/\/blog.mozilla.org\/press-de\/wp-json\/wp\/v2\/pages"}],"about":[{"href":"https:\/\/blog.mozilla.org\/press-de\/wp-json\/wp\/v2\/types\/page"}],"author":[{"embeddable":true,"href":"https:\/\/blog.mozilla.org\/press-de\/wp-json\/wp\/v2\/users\/436"}],"replies":[{"embeddable":true,"href":"https:\/\/blog.mozilla.org\/press-de\/wp-json\/wp\/v2\/comments?post=27"}],"version-history":[{"count":0,"href":"https:\/\/blog.mozilla.org\/press-de\/wp-json\/wp\/v2\/pages\/27\/revisions"}],"wp:attachment":[{"href":"https:\/\/blog.mozilla.org\/press-de\/wp-json\/wp\/v2\/media?parent=27"}],"curies":[{"name":"wp","href":"https:\/\/api.w.org\/{rel}","templated":true}]}}