{"id":695,"date":"2013-01-24T13:23:35","date_gmt":"2013-01-24T12:23:35","guid":{"rendered":"http:\/\/blog.mozilla.org\/press-de\/?page_id=695"},"modified":"2013-01-24T14:42:05","modified_gmt":"2013-01-24T13:42:05","slug":"europaischer-datenschutztag-tipps-und-tricks-von-mozilla-um-die-privatsphare-im-internet-zu-schutzen","status":"publish","type":"page","link":"https:\/\/blog.mozilla.org\/press-de\/europaischer-datenschutztag-tipps-und-tricks-von-mozilla-um-die-privatsphare-im-internet-zu-schutzen\/","title":{"rendered":"Europ\u00e4ischer Datenschutztag! Tipps und Tricks von Mozilla, um die Privatsph\u00e4re im Internet zu sch\u00fctzen."},"content":{"rendered":"<p>Am 28. Januar feiert ganz Europa den Datenschutztag, um auf die Bedeutung von Datenschutz als ein grundlegendes Recht hinzuweisen.<\/p>\n<p>Der Tag markiert die Unterzeichnung des <a href=\"http:\/\/en.wikipedia.org\/wiki\/Convention_for_the_Protection_of_Individuals_with_regard_to_Automatic_Processing_of_Personal_Data\">\u00dcbereinkommens zum Schutz des Menschen bei der automatischen Verarbeitung personenbezogener Daten<\/a> durch den <a href=\"http:\/\/de.wikipedia.org\/wiki\/Europarat\">Europarat<\/a> am 28. Januar 1981. Schon seit dem Jahr 2007 finden rund um den \u201ePrivacy Day\u201c weltweit Veranstaltungen und Kampagnen statt, die auf die Wichtigkeit von Datenschutz im Internet aufmerksam machen. So wie beispielsweise der <a href=\"http:\/\/www.europeanprivacyday.org\/\">Europ\u00e4ische Datenschutztag<\/a>, der vom Europ\u00e4ischen Datenschutzbeauftragten gef\u00f6rdert wird.<\/p>\n<p>Das Thema Privatsph\u00e4re und Datensicherheit ist auch f\u00fcr Mozilla sehr wichtig und geht einher mit den Zielen der Non-Profit-Organisation. Mozilla setzt sich f\u00fcr ein offenes Web ein, das jeder mitgestalten kann. Mit innovativen Produkten sollen User eine bessere Kontrolle \u00fcber ihre pers\u00f6nlichen Daten erhalten und \u00fcber ihren Fu\u00dfabdruck im Web aufgekl\u00e4rt werden. Datenschutz ist in Mozilla-Produkten wie Firefox bereits integriert. User k\u00f6nnen jedoch zus\u00e4tzlich ihre Webanwendungen durch Upgrades und Erweiterungen an ihre pers\u00f6nlichen Bed\u00fcrfnisse anpassen.<\/p>\n<p><b>Wie hilft Mozilla den Usern, ihre Privatsph\u00e4re im Internet zu sch\u00fctzen?<\/b><\/p>\n<p>Mozilla glaubt, dass die Menschen mehr Wissen und Kontrolle \u00fcber Online-Tracking erhalten sollten. Deshalb fordert die Stiftung mehr Transparenz bei Methoden der Datenerhebung und Erstellung von Benutzerprofilen.<\/p>\n<p>Mozillas Internetbrowser <a href=\"http:\/\/www.mozilla.org\/de\/firefox\/fx\/\">Firefox<\/a> erm\u00f6glicht es heute 450 Millionen Usern, die Hand zu heben und zu sagen: \u201eIch m\u00f6chte im Web nicht verfolgt werden.\u201c Die <a href=\"http:\/\/www.mozilla.org\/en-US\/dnt\/\">Do Not Track-Funktion<\/a> erlaubt Benutzern, selber zu bestimmen, wann sie von Websites verfolgt werden m\u00f6chten und wann nicht. Wenn das Feature aktiviert ist, teilt Firefox den Werbenetzwerken, Websites und Webanwendungen mit, dass der User nicht getrackt werden will.<\/p>\n<p>Viele Sign-in-Systeme behalten die Profildaten, einige teilen diese Informationen sogar mit verschiedenen Websites oder sozialen Netzwerken. <a href=\"http:\/\/www.mozilla.org\/en-US\/persona\/\">Persona<\/a>, die PersonaID von Mozilla, erm\u00f6glicht es Nutzern, Daten sicher im Web und \u00fcber alle Endger\u00e4te zu \u00fcbermitteln. User ben\u00f6tigen lediglich eine E-Mail-Adresse, um sich \u00fcber Persona bei den verschiedenen Websites anzumelden.<\/p>\n<p><b>Wie k\u00f6nnen Nutzer ihre Privatsph\u00e4re im Netz sch\u00fctzen?<\/b><\/p>\n<p>Heutzutage muss man kein IT-Profi sein, um seine privaten Daten vor Online-Tracking oder Datenmissbrauch durch Cookies von Drittanbietern zu sch\u00fctzen. Die meisten User wissen, dass man mit ein paar Klicks im Firefox sicher durchs Internet surfen kann. Seit November 2004 wurden mehr als drei Milliarden Add-ons f\u00fcr Mozillas Open-Source-Browser Firefox heruntergeladen. Bei den deutschen Nutzern stehen besonders Security und Privacy Add-ons wie <a href=\"https:\/\/addons.mozilla.org\/de\/firefox\/addon\/collusion\/\">Collusion<\/a> oder <a href=\"https:\/\/addons.mozilla.org\/en-US\/firefox\/addon\/adblock-plus\/?src=search\">Adblock Plus<\/a> hoch im Kurs.<\/p>\n<p>Sch\u00fctzen Sie sich und Ihre Daten im Internet! Nachfolgend finden Sie die beliebtesten Security und Privacy Add-ons f\u00fcr Firefox<\/p>\n<p><b>Die beliebtesten Security und Privacy Add-ons f\u00fcr Firefox:<\/b><\/p>\n<p><span style=\"text-decoration: underline;\"><a href=\"https:\/\/addons.mozilla.org\/en-US\/firefox\/addon\/collusion\/?src=search\">Collusion<\/a><\/span><\/p>\n<p>Mit Collusion l\u00e4sst sich nachvollziehen, wie und von wem man im Internet verfolgt wird. Das Add-on zeigt in Echtzeit, wie diese Daten ein Netz von Interaktionen zwischen Webseiten und Trackern schafft. Und es sensibilisiert Nutzer: Im Web ist man selten allein\u2026<\/p>\n<div style=\"width: 399px\" class=\"wp-caption aligncenter\"><a href=\"http:\/\/blog.mozilla.org\/press-de\/files\/2012\/08\/Collusion.jpg\"><img decoding=\"async\" loading=\"lazy\" title=\"Collusion\" alt=\"Collusion\" src=\"http:\/\/blog.mozilla.org\/press-de\/files\/2012\/08\/Collusion.jpg\" width=\"389\" height=\"295\" \/><\/a><p class=\"wp-caption-text\">Collusion<\/p><\/div>\n<p style=\"text-align: left;\"><a href=\"https:\/\/addons.mozilla.org\/de\/firefox\/addon\/adblock-plus\/?src=external-denblog\">AdblockPlus<\/a><\/p>\n<p>Das Add-on kann f\u00fcr verschiedene Einsatzzwecke konfiguriert werden, angefangen beim Blockieren von Werbung bis hin zum Blockieren unsicherer Webseiten. Die Erweiterung wird von \u00fcber 40 Filterabonnements und in vielen verschiedenen Sprachen angeboten.<\/p>\n<div style=\"width: 417px\" class=\"wp-caption aligncenter\"><a href=\"http:\/\/blog.mozilla.org\/press-de\/files\/2012\/08\/AdBlockPlus.jpg\"><img decoding=\"async\" loading=\"lazy\" title=\"Adblock Plus\" alt=\"Adblock\" src=\"http:\/\/blog.mozilla.org\/press-de\/files\/2012\/08\/AdBlockPlus.jpg\" width=\"407\" height=\"227\" \/><\/a><p class=\"wp-caption-text\">Adblock Plus<\/p><\/div>\n<p><a href=\"https:\/\/addons.mozilla.org\/en-US\/firefox\/addon\/trackerblock\/\">TrackerBlock<\/a><\/p>\n<p>TrackerBlock gibt dem User die vollst\u00e4ndige Kontrolle \u00fcber Online-Tracking und nutzt daf\u00fcr mehrere Schutzfunktionen wie Cookie-Sperrung und -L\u00f6schung, Do Not Track, HTML5 Kontrolle, Abmeldungs-Cookies und vieles mehr. TrackerBlock kann weltweit \u00fcber 550 Tracking-Firmen davon abhalten, Cookies auf dem Rechner zu lesen und zu schreiben.<\/p>\n<div style=\"width: 335px\" class=\"wp-caption aligncenter\"><a href=\"http:\/\/blog.mozilla.org\/press-de\/files\/2013\/01\/TrackerBlock2013.jpg\"><img decoding=\"async\" loading=\"lazy\" class=\"alignleft\" title=\"TrackerBlock\" alt=\"TrackerBlock\" src=\"http:\/\/blog.mozilla.org\/press-de\/files\/2013\/01\/TrackerBlock2013.jpg\" width=\"325\" height=\"323\" \/><\/a><p class=\"wp-caption-text\">TrackerBlock<\/p><\/div>\n<p><a href=\"https:\/\/addons.mozilla.org\/de\/firefox\/addon\/clickclean\/?src=search\">Click&amp;Clean<\/a><\/p>\n<p>Dieses Add-on hilft dem Nutzer unter anderem dabei, die Browser- und Download-History zu l\u00f6schen, den Cache zu leeren, Cookies und private Daten beim Schlie\u00dfen des Browsers zu entfernen. Das alles ist mit nur einem Klick in der Firefox Toolbar m\u00f6glich.<\/p>\n<div style=\"width: 281px\" class=\"wp-caption aligncenter\"><a href=\"http:\/\/blog.mozilla.org\/press-de\/files\/2012\/08\/ClickClean.jpg\"><img decoding=\"async\" loading=\"lazy\" title=\"Click&amp;Clean\" alt=\"Click&amp;Clean\" src=\"http:\/\/blog.mozilla.org\/press-de\/files\/2012\/08\/ClickClean.jpg\" width=\"271\" height=\"407\" \/><\/a><p class=\"wp-caption-text\">Click&amp;Clean<\/p><\/div>\n<p><a href=\"https:\/\/addons.mozilla.org\/de\/firefox\/addon\/ghostery\/\">Ghostery<\/a><\/p>\n<p>Ghostery identifiziert Webseitenelemente von Dritten wie Plug-ins von sozialen Netzwerken, Werbung oder unsichtbare Pixel zur Nachverfolgung und Analyse. Das Add-on informiert nicht nur \u00fcber die einzelnen Elemente, sondern auch \u00fcber die Unternehmen, die dahinter stecken.<\/p>\n<div style=\"width: 273px\" class=\"wp-caption aligncenter\"><a href=\"http:\/\/blog.mozilla.org\/press-de\/files\/2012\/08\/Ghostery.jpg\"><img decoding=\"async\" loading=\"lazy\" title=\"Ghostery\" alt=\"Ghostery\" src=\"http:\/\/blog.mozilla.org\/press-de\/files\/2012\/08\/Ghostery.jpg\" width=\"263\" height=\"261\" \/><\/a><p class=\"wp-caption-text\">Ghostery<\/p><\/div>\n<p>&nbsp;<\/p>\n<p><b>Mit wenigen Klicks zu mehr Sicherheit: Erweiterungen \u00fcber das Add-ons-Fenster installieren<\/b><\/p>\n<ol start=\"1\">\n<li>Klicken Sie in der Firefox Startleiste auf <i>Add-ons<\/i>. Der Add-ons-Manager \u00f6ffnet sich.<\/li>\n<\/ol>\n<p><a href=\"http:\/\/blog.mozilla.org\/press-de\/files\/2013\/01\/installation-Schritt-1.jpg\"><img decoding=\"async\" loading=\"lazy\" class=\"aligncenter\" alt=\"Installation_Schritt_1\" src=\"http:\/\/blog.mozilla.org\/press-de\/files\/2013\/01\/installation-Schritt-1.jpg\" width=\"275\" height=\"260\" \/><\/a><\/p>\n<ol start=\"2\">\n<li>Klicken Sie auf <i>Add-ons suchen<\/i> und w\u00e4hlen Sie ihr gew\u00fcnschtes Add-on aus<\/li>\n<\/ol>\n<p style=\"text-align: left;\"><a href=\"http:\/\/blog.mozilla.org\/press-de\/files\/2013\/01\/installation-Schritt-2.jpg\"><img decoding=\"async\" loading=\"lazy\" class=\"aligncenter\" alt=\"Installation_Schritt_2\" src=\"http:\/\/blog.mozilla.org\/press-de\/files\/2013\/01\/installation-Schritt-2.jpg\" width=\"356\" height=\"173\" \/><\/a><\/p>\n<ol start=\"3\">\n<li>Um eine Erweiterung zu installieren, klicken Sie einfach auf <i>Zu Firefox hinzuf\u00fcgen.<\/i> Das Add-on wird heruntergeladen.<\/li>\n<\/ol>\n<p style=\"text-align: left;\"><a href=\"http:\/\/blog.mozilla.org\/press-de\/files\/2013\/01\/Installation-Schritt-3.jpg\"><img decoding=\"async\" loading=\"lazy\" class=\"aligncenter\" alt=\"Installation_Schritt_3\" src=\"http:\/\/blog.mozilla.org\/press-de\/files\/2013\/01\/Installation-Schritt-3.jpg\" width=\"340\" height=\"245\" \/><\/a><\/p>\n<ol start=\"4\">\n<li>Klicken Sie auf die Schaltfl\u00e4che <i>Jetzt installieren<\/i>, wenn sie verf\u00fcgbar wird.<\/li>\n<\/ol>\n<p style=\"text-align: center;\"><img decoding=\"async\" loading=\"lazy\" class=\"aligncenter\" alt=\"\" src=\"http:\/\/blog.mozilla.org\/press-de\/files\/2013\/01\/Installation-Schritt-4.jpg\" width=\"300\" height=\"214\" \/><\/p>\n<p>&nbsp;<\/p>\n<ol start=\"5\">\n<li>Klicken Sie nach dem Download des Add-ons auf <i>Jetzt neu starten<\/i>, um die Installation abzuschlie\u00dfen.<\/li>\n<\/ol>\n<p><a href=\"http:\/\/blog.mozilla.org\/press-de\/files\/2012\/08\/Installation-Schritt-5.jpg\"><img decoding=\"async\" loading=\"lazy\" class=\"aligncenter\" alt=\"Installation_Schritt_5\" src=\"http:\/\/blog.mozilla.org\/press-de\/files\/2012\/08\/Installation-Schritt-5.jpg\" width=\"260\" height=\"127\" \/><\/a>Alternativ lassen sich Add-ons auch \u00fcber die <a href=\"https:\/\/addons.mozilla.org\/de\/firefox\/\">Firefox-Add-on-Seite<\/a> installieren. Mehr Informationen dazu finden Sie <a href=\"http:\/\/support.mozilla.org\/de\/kb\/Erweiterungen%20in%20Firefox%20verwenden?redirectlocale=en-US&amp;redirectslug=Using+extensions+with+Firefox\">hier<\/a>.<\/p>\n<p>In Firefox lassen sich immer mehr Add-ons auch ohne Neustart installieren. Diese Add-ons wurden mit dem <a href=\"https:\/\/builder.addons.mozilla.org\/\">Add-on-SDK<\/a> oder <a href=\"https:\/\/wiki.mozilla.org\/XPCOM\/Bootstrap\">Bootstrapping<\/a> erstellt. Andere Add-ons ben\u00f6tigen weiterhin einen Neustart, bevor sie verwendet werden k\u00f6nnen.<\/p>\n<p>Nach der Installation lassen sich alle Add-ons und andere Erweiterungen wie <a href=\"http:\/\/www.getpersonas.com\/de\/\">Personas<\/a> bequem im Add-on-Manager verwalten.<\/p>\n<p style=\"text-align: left;\"><a href=\"http:\/\/blog.mozilla.org\/press-de\/files\/2013\/01\/Verwaltung-Add-ons-Manager-.jpg\"><img decoding=\"async\" loading=\"lazy\" class=\"aligncenter\" alt=\"Add-on-Manager\" src=\"http:\/\/blog.mozilla.org\/press-de\/files\/2013\/01\/Verwaltung-Add-ons-Manager-.jpg\" width=\"378\" height=\"223\" \/><\/a><br \/>\n<b>Add-ons deaktivieren oder deinstallieren<\/b><\/p>\n<p>Im Add-ons-Manager <i>Erweiterungen<\/i> ausw\u00e4hlen, auf <i>Deaktivieren<\/i> klicken, um diese Erweiterung auszuschalten oder auf <i>Entfernen<\/i> klicken, um diese Erweiterung endg\u00fcltig zu l\u00f6schen.<\/p>\n<p style=\"text-align: center;\"><img decoding=\"async\" loading=\"lazy\" class=\"aligncenter\" alt=\"Deinstallation_Add-ons\" src=\"http:\/\/blog.mozilla.org\/press-de\/files\/2012\/08\/Deinstallation-und-Entfernen.jpg\" width=\"302\" height=\"175\" \/><\/p>\n<p>&nbsp;<\/p>\n","protected":false},"excerpt":{"rendered":"<p>Am 28. Januar feiert ganz Europa den Datenschutztag, um auf die Bedeutung von Datenschutz als ein grundlegendes Recht hinzuweisen. Der Tag markiert die Unterzeichnung des \u00dcbereinkommens zum Schutz des Menschen &hellip; <a class=\"go\" href=\"https:\/\/blog.mozilla.org\/press-de\/europaischer-datenschutztag-tipps-und-tricks-von-mozilla-um-die-privatsphare-im-internet-zu-schutzen\/\">Mehr lesen<\/a><\/p>\n","protected":false},"author":495,"featured_media":0,"parent":0,"menu_order":0,"comment_status":"closed","ping_status":"closed","template":"","meta":{"footnotes":""},"_links":{"self":[{"href":"https:\/\/blog.mozilla.org\/press-de\/wp-json\/wp\/v2\/pages\/695"}],"collection":[{"href":"https:\/\/blog.mozilla.org\/press-de\/wp-json\/wp\/v2\/pages"}],"about":[{"href":"https:\/\/blog.mozilla.org\/press-de\/wp-json\/wp\/v2\/types\/page"}],"author":[{"embeddable":true,"href":"https:\/\/blog.mozilla.org\/press-de\/wp-json\/wp\/v2\/users\/495"}],"replies":[{"embeddable":true,"href":"https:\/\/blog.mozilla.org\/press-de\/wp-json\/wp\/v2\/comments?post=695"}],"version-history":[{"count":0,"href":"https:\/\/blog.mozilla.org\/press-de\/wp-json\/wp\/v2\/pages\/695\/revisions"}],"wp:attachment":[{"href":"https:\/\/blog.mozilla.org\/press-de\/wp-json\/wp\/v2\/media?parent=695"}],"curies":[{"name":"wp","href":"https:\/\/api.w.org\/{rel}","templated":true}]}}