{"id":1091,"date":"2014-11-07T11:50:40","date_gmt":"2014-11-07T10:50:40","guid":{"rendered":"http:\/\/blog.mozilla.org\/press-es\/?page_id=1091"},"modified":"2014-11-10T15:38:52","modified_gmt":"2014-11-10T14:38:52","slug":"datos-curiosos-de-firefox","status":"publish","type":"page","link":"https:\/\/blog.mozilla.org\/press-es\/dossieres-de-prensa-de-firefox\/datos-curiosos-de-firefox\/","title":{"rendered":"Datos curiosos de Firefox"},"content":{"rendered":"<p><a href=\"https:\/\/blog.mozilla.org\/press-es\/files\/2014\/11\/heart-mozilla.png\" target=\"_blank\"><img decoding=\"async\" loading=\"lazy\" class=\"alignnone  wp-image-1083\" src=\"https:\/\/blog.mozilla.org\/press-es\/files\/2014\/11\/heart-mozilla-160x160.png\" alt=\"heart mozilla\" width=\"105\" height=\"105\" srcset=\"https:\/\/blog.mozilla.org\/press-es\/files\/2014\/11\/heart-mozilla-160x160.png 160w, https:\/\/blog.mozilla.org\/press-es\/files\/2014\/11\/heart-mozilla-252x252.png 252w, https:\/\/blog.mozilla.org\/press-es\/files\/2014\/11\/heart-mozilla.png 512w\" sizes=\"(max-width: 105px) 100vw, 105px\" \/><\/a><\/p>\n<p>1. Firefox es de c\u00f3digo abierto y es el \u00fanico navegador creado por una organizaci\u00f3n sin \u00e1nimo de lucro y con esta misi\u00f3n como objetivo.<\/p>\n<p><a href=\"https:\/\/blog.mozilla.org\/press-es\/files\/2014\/11\/firefox-for-Android.jpg\" target=\"_blank\"><img decoding=\"async\" loading=\"lazy\" class=\"alignnone  wp-image-1080\" src=\"https:\/\/blog.mozilla.org\/press-es\/files\/2014\/11\/firefox-for-Android-160x160.jpg\" alt=\"firefox-for Android\" width=\"105\" height=\"105\" \/><\/a><\/p>\n<p>2. Firefox est\u00e1 disponible no s\u00f3lo para escritorios basados en Windows, Mac y Linux, sino tambi\u00e9n en los tel\u00e9fonos y tabletas Android. De hecho, Firefox para Android ha tenido m\u00e1s de 80 millones de descargas en la tienda Google Play.<\/p>\n<p><a href=\"https:\/\/blog.mozilla.org\/press-es\/files\/2014\/11\/Install-Firefox-Add-ons-by-Ken-Saunders-2014.png\" target=\"_blank\"><img decoding=\"async\" loading=\"lazy\" class=\"alignnone  wp-image-1079\" src=\"https:\/\/blog.mozilla.org\/press-es\/files\/2014\/11\/Install-Firefox-Add-ons-by-Ken-Saunders-2014-160x160.png\" alt=\"Install-Firefox-Add-ons-by-Ken-Saunders-2014\" width=\"105\" height=\"105\" \/><\/a><\/p>\n<p>3. Firefox fue el primer navegador en ofrecer una plataforma de complementos que a\u00f1ade nuevas caracter\u00edsticas, funcionalidades o un aspecto personalizado para tu Firefox. Desde que los complementos est\u00e1n disponibles, hemos tenido cerca de 4 mil millones de descargas.<\/p>\n<p><a href=\"https:\/\/blog.mozilla.org\/press-es\/files\/2014\/11\/One-Mozilla.png\" target=\"_blank\"><img decoding=\"async\" loading=\"lazy\" class=\"alignnone  wp-image-1086\" src=\"https:\/\/blog.mozilla.org\/press-es\/files\/2014\/11\/One-Mozilla-160x160.png\" alt=\"One Mozilla\" width=\"105\" height=\"105\" \/><\/a><\/p>\n<p>4. Una comunidad global de colaboradores voluntarios traducen Firefox a casi 90 idiomas para el 50% de los usuarios que no utilizan la versi\u00f3n del idioma en ingl\u00e9s. El equipo de Acceso Firefox permite que la \u00faltima versi\u00f3n de Firefox sea accesible a los usuarios con discapacidades visuales y motoras.<\/p>\n<p><a href=\"https:\/\/blog.mozilla.org\/press-es\/files\/2014\/11\/FirefoxOS-logo_610x385.png\" target=\"_blank\"><img decoding=\"async\" loading=\"lazy\" class=\"alignnone  wp-image-1085\" src=\"https:\/\/blog.mozilla.org\/press-es\/files\/2014\/11\/FirefoxOS-logo_610x385-160x160.png\" alt=\"FirefoxOS-logo_610x385\" width=\"105\" height=\"105\" \/><\/a><\/p>\n<p>5. Firefox lanz\u00f3 el \u00fanico sistema operativo m\u00f3vil verdaderamente abierto para smartphones. Los tel\u00e9fonos con sistema operativo Firefox ya est\u00e1n disponibles en 24 pa\u00edses de Asia, Europa y Am\u00e9rica Latina.<\/p>\n<p><a href=\"https:\/\/blog.mozilla.org\/press-es\/files\/2014\/11\/firefox-developer_logo-only_RGB-edited.jpg\" target=\"_blank\"><img decoding=\"async\" loading=\"lazy\" class=\"alignnone  wp-image-1097\" src=\"https:\/\/blog.mozilla.org\/press-es\/files\/2014\/11\/firefox-developer_logo-only_RGB-edited-160x160.jpg\" alt=\"firefox-developer_logo-only_RGB edited\" width=\"105\" height=\"105\" \/><\/a><\/p>\n<p>6. Firefox Developer Edition es el primer navegador dise\u00f1ado espec\u00edficamente para desarrolladores.<\/p>\n<p><a href=\"https:\/\/blog.mozilla.org\/press-es\/files\/2014\/11\/Fx-ForgetMenu_es.jpg\" target=\"_blank\"><img decoding=\"async\" loading=\"lazy\" class=\"alignnone  wp-image-1087\" src=\"https:\/\/blog.mozilla.org\/press-es\/files\/2014\/11\/Fx-ForgetMenu_es-160x160.jpg\" alt=\"Fx-ForgetMenu_es\" width=\"105\" height=\"105\" \/><\/a><\/p>\n<p>7. Firefox se dedica a proteger la privacidad online y a proporcionar control a los usuarios. El navegador incluye herramientas para ayudar a proteger tu privacidad como Navegaci\u00f3n Privada, Navegaci\u00f3n de Invitados, Do Not Track, as\u00ed como nuevas caracter\u00edsticas de privacidad que hemos introducido como el bot\u00f3n Olvidar.<\/p>\n<p><a href=\"https:\/\/blog.mozilla.org\/press-es\/files\/2014\/11\/WebGL.jpg\" target=\"_blank\"><img decoding=\"async\" loading=\"lazy\" class=\"alignnone  wp-image-1078\" src=\"https:\/\/blog.mozilla.org\/press-es\/files\/2014\/11\/WebGL-160x160.jpg\" alt=\"WebGL\" width=\"105\" height=\"105\" srcset=\"https:\/\/blog.mozilla.org\/press-es\/files\/2014\/11\/WebGL-160x160.jpg 160w, https:\/\/blog.mozilla.org\/press-es\/files\/2014\/11\/WebGL-252x252.jpg 252w, https:\/\/blog.mozilla.org\/press-es\/files\/2014\/11\/WebGL.jpg 580w\" sizes=\"(max-width: 105px) 100vw, 105px\" \/><\/a><\/p>\n<p>8. Firefox fue el primero en ofrecer juegos 3D en el navegador para escritorio y m\u00f3vil con tecnolog\u00edas pioneras como WebGL, adoptada ahora por los principales navegadores.<\/p>\n<p><a href=\"https:\/\/blog.mozilla.org\/press-es\/files\/2014\/11\/gecko-logo_0064_65.png\" target=\"_blank\"><img decoding=\"async\" loading=\"lazy\" class=\"alignnone  wp-image-1084\" src=\"https:\/\/blog.mozilla.org\/press-es\/files\/2014\/11\/gecko-logo_0064_65-160x160.png\" alt=\"gecko logo_0064_65\" width=\"105\" height=\"105\" srcset=\"https:\/\/blog.mozilla.org\/press-es\/files\/2014\/11\/gecko-logo_0064_65-160x160.png 160w, https:\/\/blog.mozilla.org\/press-es\/files\/2014\/11\/gecko-logo_0064_65-252x252.png 252w, https:\/\/blog.mozilla.org\/press-es\/files\/2014\/11\/gecko-logo_0064_65.png 300w\" sizes=\"(max-width: 105px) 100vw, 105px\" \/><\/a><\/p>\n<p>9. Hay un lagarto en el centro de Firefox. Gecko es un motor Web utilizado por alrededor de una cuarta parte de la Web, lo que ha tra\u00eddo nuevas capacidades y un aumento espectacular de su interoperabilidad.<\/p>\n<p><a href=\"https:\/\/blog.mozilla.org\/press-es\/files\/2014\/11\/nyt_ad_large_2004.jpg\" target=\"_blank\"><img decoding=\"async\" loading=\"lazy\" class=\"alignnone  wp-image-1081\" src=\"https:\/\/blog.mozilla.org\/press-es\/files\/2014\/11\/nyt_ad_large_2004-160x160.jpg\" alt=\"nyt_ad_large_2004\" width=\"105\" height=\"105\" \/><\/a><\/p>\n<p>10. M\u00e1s de 10.000 contribuyentes expresaron su apoyo a la misi\u00f3n de Mozilla mediante el pago de un anuncio a p\u00e1gina completa en The New York Times para celebrar el lanzamiento de Firefox 1.0 en 2004.<\/p>\n","protected":false},"excerpt":{"rendered":"<p>1. Firefox es de c\u00f3digo abierto y es el \u00fanico navegador creado por una organizaci\u00f3n sin \u00e1nimo de lucro y con esta misi\u00f3n como objetivo. 2. Firefox est\u00e1 disponible no &hellip; <a class=\"go\" href=\"https:\/\/blog.mozilla.org\/press-es\/dossieres-de-prensa-de-firefox\/datos-curiosos-de-firefox\/\">Read more<\/a><\/p>\n","protected":false},"author":550,"featured_media":0,"parent":20,"menu_order":0,"comment_status":"closed","ping_status":"closed","template":"","meta":{"footnotes":""},"_links":{"self":[{"href":"https:\/\/blog.mozilla.org\/press-es\/wp-json\/wp\/v2\/pages\/1091"}],"collection":[{"href":"https:\/\/blog.mozilla.org\/press-es\/wp-json\/wp\/v2\/pages"}],"about":[{"href":"https:\/\/blog.mozilla.org\/press-es\/wp-json\/wp\/v2\/types\/page"}],"author":[{"embeddable":true,"href":"https:\/\/blog.mozilla.org\/press-es\/wp-json\/wp\/v2\/users\/550"}],"replies":[{"embeddable":true,"href":"https:\/\/blog.mozilla.org\/press-es\/wp-json\/wp\/v2\/comments?post=1091"}],"version-history":[{"count":0,"href":"https:\/\/blog.mozilla.org\/press-es\/wp-json\/wp\/v2\/pages\/1091\/revisions"}],"up":[{"embeddable":true,"href":"https:\/\/blog.mozilla.org\/press-es\/wp-json\/wp\/v2\/pages\/20"}],"wp:attachment":[{"href":"https:\/\/blog.mozilla.org\/press-es\/wp-json\/wp\/v2\/media?parent=1091"}],"curies":[{"name":"wp","href":"https:\/\/api.w.org\/{rel}","templated":true}]}}