{"id":1605,"date":"2018-02-28T20:04:28","date_gmt":"2018-02-28T19:04:28","guid":{"rendered":"http:\/\/blog.mozilla.org\/press-es\/?page_id=1605"},"modified":"2018-02-28T20:04:28","modified_gmt":"2018-02-28T19:04:28","slug":"ataglance","status":"publish","type":"page","link":"https:\/\/blog.mozilla.org\/press-es\/ataglance\/","title":{"rendered":"Mozilla de un vistazo"},"content":{"rendered":"<h3>\u00bfQu\u00e9 es Mozilla?<\/h3>\n<p>Mozilla es una organizaci\u00f3n global sin \u00e1nimo de lucro dedicada a hacer de la Web algo mejor. Creemos en los principios antes que en los beneficios, y que la Web es m\u00e1s un recurso p\u00fablico al que cuidar que una garant\u00eda para vender. Trabajamos con una comunidad en todo el mundo para crear productos de c\u00f3digo abierto como Mozilla Firefox, y para innovar para el beneficio del individuo y la mejora de la Web. El resultado son grandes productos elaborados por gente apasionada y mejores opciones de elecci\u00f3n para todo el mundo.<\/p>\n<h3>\u00bfQui\u00e9nes forman la Comunidad Mozilla?<\/h3>\n<ul>\n<li>M\u00e1s de 1.000 voluntarios contribuyen al c\u00f3digo de Firefox<\/li>\n<li>400.000 personas colaboran con Mozilla mediante nuestro proyecto de sistema de seguimiento de errores <a href=\"https:\/\/bugzilla.mozilla.org\/\" rel=\"external\">Bugzilla<\/a><\/li>\n<li><a href=\"http:\/\/support.mozilla.org\/\" rel=\"external\">SUMO<\/a>, la web  de soporte t\u00e9cnico de Mozilla apoyado por su comunidad, ayuda a una media de 10.000 usuarios de Firefox a la semana<\/li>\n<li>Estudiantes de m\u00e1s de 600 instituciones en 57 pa\u00edses difunden Firefox como Representantes de Mozilla en Campus Universitarios<\/li>\n<\/ul>\n<h3>Datos b\u00e1sicos<\/h3>\n<ul>\n<li>M\u00e1s de 450 millones de personas en el mundo utilizan Firefox<\/li>\n<li>Firefox es un software libre de c\u00f3digo abierto, y aproximadamente el 40% de su c\u00f3digo es escrito por voluntarios<\/li>\n<li>Firefox posee un 30% del mercado global<\/li>\n<\/ul>\n","protected":false},"excerpt":{"rendered":"<p>\u00bfQu\u00e9 es Mozilla? Mozilla es una organizaci\u00f3n global sin \u00e1nimo de lucro dedicada a hacer de la Web algo mejor. Creemos en los principios antes que en los beneficios, y &hellip; <a class=\"go\" href=\"https:\/\/blog.mozilla.org\/press-es\/ataglance\/\">Read more<\/a><\/p>\n","protected":false},"author":728,"featured_media":0,"parent":0,"menu_order":0,"comment_status":"closed","ping_status":"closed","template":"","meta":{"footnotes":""},"_links":{"self":[{"href":"https:\/\/blog.mozilla.org\/press-es\/wp-json\/wp\/v2\/pages\/1605"}],"collection":[{"href":"https:\/\/blog.mozilla.org\/press-es\/wp-json\/wp\/v2\/pages"}],"about":[{"href":"https:\/\/blog.mozilla.org\/press-es\/wp-json\/wp\/v2\/types\/page"}],"author":[{"embeddable":true,"href":"https:\/\/blog.mozilla.org\/press-es\/wp-json\/wp\/v2\/users\/728"}],"replies":[{"embeddable":true,"href":"https:\/\/blog.mozilla.org\/press-es\/wp-json\/wp\/v2\/comments?post=1605"}],"version-history":[{"count":0,"href":"https:\/\/blog.mozilla.org\/press-es\/wp-json\/wp\/v2\/pages\/1605\/revisions"}],"wp:attachment":[{"href":"https:\/\/blog.mozilla.org\/press-es\/wp-json\/wp\/v2\/media?parent=1605"}],"curies":[{"name":"wp","href":"https:\/\/api.w.org\/{rel}","templated":true}]}}