{"id":20,"date":"2012-06-27T16:03:26","date_gmt":"2012-06-27T14:03:26","guid":{"rendered":"http:\/\/blog.mozilla.org\/press-es\/?page_id=20"},"modified":"2018-03-01T22:34:47","modified_gmt":"2018-03-01T21:34:47","slug":"dossieres-de-prensa-de-firefox","status":"publish","type":"page","link":"https:\/\/blog.mozilla.org\/press-es\/dossieres-de-prensa-de-firefox\/","title":{"rendered":"Kit de Prensa de Firefox"},"content":{"rendered":"<h2>Firefox<\/h2>\n<h4>Enlaces \u00fatiles<\/h4>\n<ul>\n<li><a href=\"http:\/\/www.mozilla.org\/es\/firefox\/features\/\">Caracter\u00edsticas<\/a><\/li>\n<li><a href=\"http:\/\/blog.mozilla.org\/press-es\/dossieres-de-prensa-de-firefox\/datos-curiosos-de-firefox%20\" target=\"_blank\" rel=\"noopener\">Datos curiosos de Firefox<\/a><\/li>\n<\/ul>\n<h4>Materiales de Referencia<\/h4>\n<ul>\n<li><a href=\"https:\/\/design.firefox.com\/photon\/visuals\/product-identity-assets.html\">Marca Firefox<\/a><\/li>\n<li><a href=\"https:\/\/mozilla.ninja\/\">Marca Mozilla<\/a><\/li>\n<\/ul>\n<h2>Firefox para Android<\/h2>\n<h4>Enlaces \u00fatiles<\/h4>\n<ul>\n<li><a href=\"https:\/\/developer.mozilla.org\/es\/mobile\" target=\"_blank\" rel=\"noopener\">Desarrollo para m\u00f3viles<\/a><\/li>\n<\/ul>\n","protected":false},"excerpt":{"rendered":"<p>Firefox Enlaces \u00fatiles Caracter\u00edsticas Datos curiosos de Firefox Materiales de Referencia Marca Firefox Marca Mozilla Firefox para Android Enlaces \u00fatiles Desarrollo para m\u00f3viles<\/p>\n","protected":false},"author":436,"featured_media":0,"parent":0,"menu_order":0,"comment_status":"closed","ping_status":"closed","template":"","meta":{"footnotes":""},"_links":{"self":[{"href":"https:\/\/blog.mozilla.org\/press-es\/wp-json\/wp\/v2\/pages\/20"}],"collection":[{"href":"https:\/\/blog.mozilla.org\/press-es\/wp-json\/wp\/v2\/pages"}],"about":[{"href":"https:\/\/blog.mozilla.org\/press-es\/wp-json\/wp\/v2\/types\/page"}],"author":[{"embeddable":true,"href":"https:\/\/blog.mozilla.org\/press-es\/wp-json\/wp\/v2\/users\/436"}],"replies":[{"embeddable":true,"href":"https:\/\/blog.mozilla.org\/press-es\/wp-json\/wp\/v2\/comments?post=20"}],"version-history":[{"count":0,"href":"https:\/\/blog.mozilla.org\/press-es\/wp-json\/wp\/v2\/pages\/20\/revisions"}],"wp:attachment":[{"href":"https:\/\/blog.mozilla.org\/press-es\/wp-json\/wp\/v2\/media?parent=20"}],"curies":[{"name":"wp","href":"https:\/\/api.w.org\/{rel}","templated":true}]}}