{"id":673,"date":"2014-03-11T18:12:52","date_gmt":"2014-03-11T17:12:52","guid":{"rendered":"http:\/\/blog.mozilla.org\/press-fr\/?page_id=673"},"modified":"2015-03-11T15:26:09","modified_gmt":"2015-03-11T14:26:09","slug":"press-kit-firefox-os","status":"publish","type":"page","link":"https:\/\/blog.mozilla.org\/press-fr\/press-kit-firefox-os\/","title":{"rendered":"Press kit Firefox OS"},"content":{"rendered":"<h4>Liens utiles<\/h4>\n<ul>\n<li>Communiqu\u00e9 de presse : <a title=\"Firefox OS d\u00e9montre la flexibilit\u00e9 du web: l\u2019\u00e9cosyst\u00e8me s\u2019enrichit avec plus de partenaires, de types d\u2019appareils et de r\u00e9gions en 2015\" href=\"https:\/\/blog.mozilla.org\/press-fr\/2015\/03\/01\/firefox-os-demontre-la-flexibilite-du-web-lecosysteme-senrichit-avec-plus-de-partenaires-de-types-dappareils-et-de-regions-en-2015\/\">Firefox OS d\u00e9montre la flexibilit\u00e9 du web: l\u2019\u00e9cosyst\u00e8me s\u2019enrichit avec plus de partenaires, de types d\u2019appareils et de r\u00e9gions en 2015<\/a> (1 mars 2015)<\/li>\n<li>Communiqu\u00e9 de presse :<a title=\"Firefox OS continue son expansion aux quatre coins du monde\" href=\"https:\/\/blog.mozilla.org\/press-fr\/2014\/12\/16\/firefox-os-continue-son-expansion-aux-quatre-coins-du-monde\/\"> Firefox OS continue son expansion aux quatre coins du monde<\/a> (16 <span id=\"result_box\" class=\"short_text\" lang=\"fr\"><span class=\"hps\">d\u00e9cembre<\/span><\/span> 2014)<\/li>\n<li>Communiqu\u00e9 de presse : <a title=\"Firefox OS d\u00e9barque en France et continue son expansion sur d\u2019autres appareils et march\u00e9s\" href=\"https:\/\/blog.mozilla.org\/press-fr\/2014\/07\/17\/firefox-os-debarque-en-france-et-continue-son-expansion-sur-dautres-appareils-et-marches\/\">Firefox OS d\u00e9barque en France et continue son expansion sur d\u2019autres appareils et march\u00e9s<\/a> (17 juillet 2014)<\/li>\n<li>Communiqu\u00e9 de presse : <a title=\"Firefox OS s\u2019\u00e9tend aux appareils aux performances avanc\u00e9es et repousse les limites des smartphones d\u2019entr\u00e9e de gamme (23 f\u00e9vrier 2014)\" href=\"https:\/\/blog.mozilla.org\/press-fr\/2014\/02\/23\/firefox-os-setend-aux-appareils-aux-performances-avancees-et-repousse-les-limites-des-smartphones-dentree-de-gamme\/\">Firefox OS s\u2019\u00e9tend aux appareils aux performances avanc\u00e9es et repousse les limites des smartphones d\u2019entr\u00e9e de gamme<\/a> (23 f\u00e9vrier 2014)<\/li>\n<li>Communiqu\u00e9 de presse : <a title=\"De nouveaux outils et logiciels pour les d\u00e9veloppeurs d\u00e9montrent l\u2019essor de l\u2019\u00e9cosyst\u00e8me Firefox OS\" href=\"https:\/\/blog.mozilla.org\/press-fr\/2014\/02\/23\/de-nouveaux-outils-et-logiciels-pour-les-developpeurs-demontrent-lessor-de-lecosysteme-firefox-os\/\">De nouveaux outils et logiciels pour les d\u00e9veloppeurs d\u00e9montrent l\u2019essor de l\u2019\u00e9cosyst\u00e8me Firefox OS<\/a> (23 f\u00e9vrier 2014)<\/li>\n<li>Communiqu\u00e9 de presse : <a title=\"Permanent link to \u201cFirefox OS chamboule le futur du mobile\u201d\" href=\"https:\/\/blog.mozilla.org\/press-fr\/2014\/02\/23\/firefox-os-chamboule-le-futur-du-mobile\/\" rel=\"bookmark\">Firefox OS chamboule le futur du mobile <\/a>(23 f\u00e9vrier 2014)<\/li>\n<li><a title=\"Website Firefox OS\" href=\"http:\/\/www.mozilla.org\/fr\/firefox\/os\/\">Website Firefox OS<\/a><\/li>\n<\/ul>\n<h4>Documents de r\u00e9f\u00e9rence<\/h4>\n<ul>\n<li><a title=\"Photos produits\" href=\"https:\/\/blog.mozilla.org\/press-fr\/bibliotheque-mozilla\/captures-decran-produits\/\">Photos produits<\/a><\/li>\n<li><a title=\"Firefox OS Logos\" href=\"http:\/\/www.mozilla.org\/en-US\/styleguide\/identity\/firefoxos\/branding\/\">Logos<\/a><\/li>\n<li>Images presse : Firefox OS connecte HTML5 au hardware <a title=\"Press Graphic\" href=\"http:\/\/blog.mozilla.org\/press-fr\/files\/2013\/06\/FirefoxOS_Layers_FR_CMYK.jpg\">4.6mb CMYK JPEG<\/a> ou <a title=\"Press Graphic\" href=\"http:\/\/blog.mozilla.org\/press-fr\/files\/2013\/06\/FirefoxOS_Layers_FR_RGB.jpg\">2mb RGB JPEG<\/a><\/li>\n<li>Firefox OS B-Roll : <a title=\"Firefox OS B-Roll\" href=\"videos-cdn.mozilla.net\/uploads\/B-Roll\/FirefoxOS%20b-roll1.zip\" target=\"_blank\">118mb MPEG4 video<\/a> (zip)<\/li>\n<li>Video : <a title=\"Firefox OS Demo - ZTE Open and ALCATEL ONE TOUCH Fire\" href=\"http:\/\/www.youtube.com\/watch?v=Iu8q-oISbas&amp;feature=youtu.be\">Firefox OS Demo \u2013 ZTE Open et ALCATEL ONE TOUCH Fire <\/a>(anglais)<\/li>\n<li>Video : <a title=\"Firefox OS Demo - LG Fireweb\" href=\"http:\/\/www.youtube.com\/watch?feature=player_embedded&amp;v=t_7sTP7IRn4\">Firefox OS Demo \u2013 LG Fireweb <\/a>(anglais)<\/li>\n<li>Photos de presse du <a title=\"Mobile World Congress 2015\" href=\"https:\/\/www.flickr.com\/photos\/mozillaeu\/sets\/72157648816761233\/\">Mobile World Congress 2015 sur Flickr<\/a><\/li>\n<\/ul>\n","protected":false},"excerpt":{"rendered":"<p>Liens utiles Communiqu\u00e9 de presse : Firefox OS d\u00e9montre la flexibilit\u00e9 du web: l\u2019\u00e9cosyst\u00e8me s\u2019enrichit avec plus de partenaires, de types d\u2019appareils et de r\u00e9gions en 2015 (1 mars 2015) &hellip; <a class=\"go\" href=\"https:\/\/blog.mozilla.org\/press-fr\/press-kit-firefox-os\/\">Lire la suite<\/a><\/p>\n","protected":false},"author":436,"featured_media":0,"parent":0,"menu_order":0,"comment_status":"closed","ping_status":"closed","template":"","meta":{"footnotes":""},"_links":{"self":[{"href":"https:\/\/blog.mozilla.org\/press-fr\/wp-json\/wp\/v2\/pages\/673"}],"collection":[{"href":"https:\/\/blog.mozilla.org\/press-fr\/wp-json\/wp\/v2\/pages"}],"about":[{"href":"https:\/\/blog.mozilla.org\/press-fr\/wp-json\/wp\/v2\/types\/page"}],"author":[{"embeddable":true,"href":"https:\/\/blog.mozilla.org\/press-fr\/wp-json\/wp\/v2\/users\/436"}],"replies":[{"embeddable":true,"href":"https:\/\/blog.mozilla.org\/press-fr\/wp-json\/wp\/v2\/comments?post=673"}],"version-history":[{"count":0,"href":"https:\/\/blog.mozilla.org\/press-fr\/wp-json\/wp\/v2\/pages\/673\/revisions"}],"wp:attachment":[{"href":"https:\/\/blog.mozilla.org\/press-fr\/wp-json\/wp\/v2\/media?parent=673"}],"curies":[{"name":"wp","href":"https:\/\/api.w.org\/{rel}","templated":true}]}}