{"id":942,"date":"2014-11-07T11:55:07","date_gmt":"2014-11-07T10:55:07","guid":{"rendered":"http:\/\/blog.mozilla.org\/press-fr\/?page_id=942"},"modified":"2014-11-10T15:40:20","modified_gmt":"2014-11-10T14:40:20","slug":"a-savoir-sur-firefox","status":"publish","type":"page","link":"https:\/\/blog.mozilla.org\/press-fr\/press-kits-firefox\/a-savoir-sur-firefox\/","title":{"rendered":"A savoir sur Firefox"},"content":{"rendered":"<p><a href=\"https:\/\/blog.mozilla.org\/press-fr\/files\/2014\/11\/heart-mozilla.png\" target=\"_blank\"><img decoding=\"async\" loading=\"lazy\" class=\"alignnone  wp-image-934\" src=\"https:\/\/blog.mozilla.org\/press-fr\/files\/2014\/11\/heart-mozilla-160x160.png\" alt=\"heart mozilla\" width=\"105\" height=\"105\" srcset=\"https:\/\/blog.mozilla.org\/press-fr\/files\/2014\/11\/heart-mozilla-160x160.png 160w, https:\/\/blog.mozilla.org\/press-fr\/files\/2014\/11\/heart-mozilla-252x252.png 252w, https:\/\/blog.mozilla.org\/press-fr\/files\/2014\/11\/heart-mozilla.png 512w\" sizes=\"(max-width: 105px) 100vw, 105px\" \/><\/a><\/p>\n<p>1. Firefox est le seul navigateur open source d\u00e9velopp\u00e9 par un organisme \u00e0 but non lucratif.<\/p>\n<p><a href=\"https:\/\/blog.mozilla.org\/press-fr\/files\/2014\/11\/firefox-for-Android.jpg\" target=\"_blank\"><img decoding=\"async\" loading=\"lazy\" class=\"alignnone  wp-image-931\" src=\"https:\/\/blog.mozilla.org\/press-fr\/files\/2014\/11\/firefox-for-Android-160x160.jpg\" alt=\"firefox-for Android\" width=\"105\" height=\"105\" \/><\/a><\/p>\n<p>2. Firefox est disponible sur Windows, Mac et Linux, mais \u00e9galement sur les mobiles et tablettes Android. De fait, Firefox pour Android a \u00e9t\u00e9 t\u00e9l\u00e9charg\u00e9 via Google Play plus de 80 millions de fois.<\/p>\n<p><a href=\"https:\/\/blog.mozilla.org\/press-fr\/files\/2014\/11\/Install-Firefox-Add-ons-by-Ken-Saunders-2014.png\" target=\"_blank\"><img decoding=\"async\" loading=\"lazy\" class=\"alignnone  wp-image-930\" src=\"https:\/\/blog.mozilla.org\/press-fr\/files\/2014\/11\/Install-Firefox-Add-ons-by-Ken-Saunders-2014-160x160.png\" alt=\"Install-Firefox-Add-ons-by-Ken-Saunders-2014\" width=\"105\" height=\"105\" \/><\/a><\/p>\n<p>3. Firefox a \u00e9t\u00e9 le premier navigateur \u00e0 proposer des extensions ajoutant de nouvelles fonctionnalit\u00e9s, ou encore une apparence personnalis\u00e9e au navigateur. Pr\u00e8s de 4 milliards d&rsquo;extensions ont \u00e9t\u00e9 t\u00e9l\u00e9charg\u00e9es depuis leur mise \u00e0 disposition.<\/p>\n<p><a href=\"https:\/\/blog.mozilla.org\/press-fr\/files\/2014\/11\/One-Mozilla.png\" target=\"_blank\"><img decoding=\"async\" loading=\"lazy\" class=\"alignnone  wp-image-937\" src=\"https:\/\/blog.mozilla.org\/press-fr\/files\/2014\/11\/One-Mozilla-160x160.png\" alt=\"One Mozilla\" width=\"105\" height=\"105\" \/><\/a><\/p>\n<p>4. Une communaut\u00e9 mondiale de contributeurs b\u00e9n\u00e9voles localise Firefox en pr\u00e8s de 90 langues pour la moiti\u00e9 des internautes n&rsquo;utilisant pas la version anglaise du navigateur. L&rsquo;\u00e9quipe Access Firefox permet aux utilisateurs souffrant de d\u00e9ficiences visuelles et motrices d&rsquo;acc\u00e9der \u00e0 la derni\u00e8re version de Firefox.<\/p>\n<p><a href=\"https:\/\/blog.mozilla.org\/press-fr\/files\/2014\/11\/FirefoxOS-logo_610x385.png\" target=\"_blank\"><img decoding=\"async\" loading=\"lazy\" class=\"alignnone  wp-image-936\" src=\"https:\/\/blog.mozilla.org\/press-fr\/files\/2014\/11\/FirefoxOS-logo_610x385-160x160.png\" alt=\"FirefoxOS-logo_610x385\" width=\"105\" height=\"105\" \/><\/a><\/p>\n<p>5. Firefox a lanc\u00e9 le premier syst\u00e8me d&rsquo;exploitation mobile enti\u00e8rement ouvert. Les smartphones bas\u00e9s sur Firefox OS sont aujourd&rsquo;hui disponibles dans 24 pays en Asie, Europe et Am\u00e9rique Latine.<\/p>\n<p><a href=\"https:\/\/blog.mozilla.org\/press-fr\/files\/2014\/11\/firefox-developer_logo-only_RGB-edited.jpg\" target=\"_blank\"><img decoding=\"async\" loading=\"lazy\" class=\"alignnone  wp-image-951\" src=\"https:\/\/blog.mozilla.org\/press-fr\/files\/2014\/11\/firefox-developer_logo-only_RGB-edited-160x160.jpg\" alt=\"firefox-developer_logo-only_RGB edited\" width=\"105\" height=\"105\" \/><\/a><\/p>\n<p>6. Firefox Developer Edition est le premier navigateur con\u00e7u sp\u00e9cifiquement pour les d\u00e9veloppeurs.<\/p>\n<p><a href=\"https:\/\/blog.mozilla.org\/press-fr\/files\/2014\/11\/Fx-ForgetMenu_fr.jpg\" target=\"_blank\"><img decoding=\"async\" loading=\"lazy\" class=\"alignnone  wp-image-940\" src=\"https:\/\/blog.mozilla.org\/press-fr\/files\/2014\/11\/Fx-ForgetMenu_fr-160x160.jpg\" alt=\"Fx-ForgetMenu_fr\" width=\"105\" height=\"105\" \/><\/a><\/p>\n<p>7. Firefox s&rsquo;engage \u00e0 prot\u00e9ger la vie priv\u00e9e des utilisateurs et \u00e0 leur garantir le contr\u00f4le de leur navigation. Le navigateur inclut des outils permettant de prot\u00e9ger la confidentialit\u00e9 tels que la navigation priv\u00e9e, la navigation en tant qu&rsquo;invit\u00e9 et Do Not Track, ainsi que de nouveaux outils de confidentialit\u00e9 d\u00e9voil\u00e9s r\u00e9cemment tels que le bouton Oublier.<\/p>\n<p><a href=\"https:\/\/blog.mozilla.org\/press-fr\/files\/2014\/11\/WebGL.jpg\" target=\"_blank\"><img decoding=\"async\" loading=\"lazy\" class=\"alignnone  wp-image-929\" src=\"https:\/\/blog.mozilla.org\/press-fr\/files\/2014\/11\/WebGL-160x160.jpg\" alt=\"WebGL\" width=\"105\" height=\"105\" srcset=\"https:\/\/blog.mozilla.org\/press-fr\/files\/2014\/11\/WebGL-160x160.jpg 160w, https:\/\/blog.mozilla.org\/press-fr\/files\/2014\/11\/WebGL-252x252.jpg 252w, https:\/\/blog.mozilla.org\/press-fr\/files\/2014\/11\/WebGL.jpg 580w\" sizes=\"(max-width: 105px) 100vw, 105px\" \/><\/a><\/p>\n<p>8. Firefox a \u00e9t\u00e9 le premier \u00e0 d\u00e9ployer le jeu 3D au sein du navigateur fixe et mobile en initiant des technologies telles que WebGL et asm.js, aujourd&rsquo;hui adopt\u00e9es par tous les principaux navigateurs.<\/p>\n<p><a href=\"https:\/\/blog.mozilla.org\/press-fr\/files\/2014\/11\/gecko-logo_0064_65.png\" target=\"_blank\"><img decoding=\"async\" loading=\"lazy\" class=\"alignnone  wp-image-935\" src=\"https:\/\/blog.mozilla.org\/press-fr\/files\/2014\/11\/gecko-logo_0064_65-160x160.png\" alt=\"gecko logo_0064_65\" width=\"105\" height=\"105\" srcset=\"https:\/\/blog.mozilla.org\/press-fr\/files\/2014\/11\/gecko-logo_0064_65-160x160.png 160w, https:\/\/blog.mozilla.org\/press-fr\/files\/2014\/11\/gecko-logo_0064_65-252x252.png 252w, https:\/\/blog.mozilla.org\/press-fr\/files\/2014\/11\/gecko-logo_0064_65.png 300w\" sizes=\"(max-width: 105px) 100vw, 105px\" \/><\/a><\/p>\n<p>9. Un l\u00e9zard se trouve au c\u0153ur de Firefox. Gecko est un moteur de rendu utilis\u00e9 par pr\u00e8s d&rsquo;un quart du Web, ayant apport\u00e9 de nouvelles capacit\u00e9s au Web et augment\u00e9 l&rsquo;interop\u00e9rabilit\u00e9 de fa\u00e7on significative.<\/p>\n<p><a href=\"https:\/\/blog.mozilla.org\/press-fr\/files\/2014\/11\/nyt_ad_large_2004.jpg\" target=\"_blank\"><img decoding=\"async\" loading=\"lazy\" class=\"alignnone  wp-image-932\" src=\"https:\/\/blog.mozilla.org\/press-fr\/files\/2014\/11\/nyt_ad_large_2004-160x160.jpg\" alt=\"nyt_ad_large_2004\" width=\"105\" height=\"105\" \/><\/a><\/p>\n<p>10. Plus de 10.000 contributeurs ont exprim\u00e9 leur support pour la mission de Mozilla en participant au paiement d&rsquo;une page enti\u00e8re de publicit\u00e9 dans le New York Times pour c\u00e9l\u00e9brer le lancement de Firefox 1.0 en 2004.<\/p>\n","protected":false},"excerpt":{"rendered":"<p>1. Firefox est le seul navigateur open source d\u00e9velopp\u00e9 par un organisme \u00e0 but non lucratif. 2. Firefox est disponible sur Windows, Mac et Linux, mais \u00e9galement sur les mobiles &hellip; <a class=\"go\" href=\"https:\/\/blog.mozilla.org\/press-fr\/press-kits-firefox\/a-savoir-sur-firefox\/\">Lire la suite<\/a><\/p>\n","protected":false},"author":550,"featured_media":0,"parent":20,"menu_order":0,"comment_status":"closed","ping_status":"closed","template":"","meta":{"footnotes":""},"_links":{"self":[{"href":"https:\/\/blog.mozilla.org\/press-fr\/wp-json\/wp\/v2\/pages\/942"}],"collection":[{"href":"https:\/\/blog.mozilla.org\/press-fr\/wp-json\/wp\/v2\/pages"}],"about":[{"href":"https:\/\/blog.mozilla.org\/press-fr\/wp-json\/wp\/v2\/types\/page"}],"author":[{"embeddable":true,"href":"https:\/\/blog.mozilla.org\/press-fr\/wp-json\/wp\/v2\/users\/550"}],"replies":[{"embeddable":true,"href":"https:\/\/blog.mozilla.org\/press-fr\/wp-json\/wp\/v2\/comments?post=942"}],"version-history":[{"count":0,"href":"https:\/\/blog.mozilla.org\/press-fr\/wp-json\/wp\/v2\/pages\/942\/revisions"}],"up":[{"embeddable":true,"href":"https:\/\/blog.mozilla.org\/press-fr\/wp-json\/wp\/v2\/pages\/20"}],"wp:attachment":[{"href":"https:\/\/blog.mozilla.org\/press-fr\/wp-json\/wp\/v2\/media?parent=942"}],"curies":[{"name":"wp","href":"https:\/\/api.w.org\/{rel}","templated":true}]}}