{"id":1306,"date":"2018-02-28T20:18:49","date_gmt":"2018-02-28T19:18:49","guid":{"rendered":"http:\/\/blog.mozilla.org\/press-it\/?page_id=1306"},"modified":"2018-02-28T20:18:49","modified_gmt":"2018-02-28T19:18:49","slug":"ataglance","status":"publish","type":"page","link":"https:\/\/blog.mozilla.org\/press-it\/ataglance\/","title":{"rendered":"Istantanea di Mozilla"},"content":{"rendered":"<h3>Cos&#8217;\u00e8 Mozilla?<\/h3>\n<p>Mozilla \u00e8 un\u2019organizzazione  senza fini di lucro impegnata a livello globale per migliorare il World Wide Web. Riteniamo che i principi siano pi\u00f9 importanti dei profitti, e crediamo che il Web non sia un prodotto da vendere ma una risorsa pubblica condivisa di cui avere cura. Lavoriamo con comunit\u00e0 sparse in tutto il mondo al fine di realizzare prodotti Open Source gratuiti come Mozilla Firefox, e di innovare a beneficio dell\u2019individuo e del Web. Come risultato abbiamo prodotti di grande qualit\u00e0 realizzati da persone piene di passione e pi\u00f9 ampie possibilit\u00e0 di scelta per tutti.<\/p>\n<h3>Da chi \u00e8 composta la Mozilla Community?<\/h3>\n<ul>\n<li>Pi\u00f9 di 1.000 volontari contribuiscono al codice di Firefox<\/li>\n<li>400.000 persone contribuiscono a Mozilla tramite <a href=\"https:\/\/bugzilla.mozilla.org\/\" rel=\"external\">Bugzilla<\/a>, il nostro progetto per la gestione di bug e segnalazioni<\/li>\n<li><a href=\"http:\/\/support.mozilla.org\/\" rel=\"external\">SUMO<\/a>, la guida in linea di Mozilla gestita dalla community, aiuta in media 10.000 utenti di Firefox a settimana<\/li>\n<li>Studenti provenienti da oltre 600 istituzioni in 57 paesi diffondono Firefox in qualit\u00e0 di  Mozilla Campus Representatives<\/li>\n<\/ul>\n<h3>Notizie in pillole<\/h3>\n<ul>\n<li>Oltre 450 milioni di persone in tutto il mondo utilizzano Firefox<\/li>\n<li>Firefox \u00e8 un software aperto e libero, il 40% circa del suo codice \u00e8 scritto da volontari<\/li>\n<li>La quota di mercato globale di Firefox \u00e8 del 30%<\/li>\n<\/ul>\n","protected":false},"excerpt":{"rendered":"<p>Cos&#8217;\u00e8 Mozilla? Mozilla \u00e8 un\u2019organizzazione senza fini di lucro impegnata a livello globale per migliorare il World Wide Web. Riteniamo che i principi siano pi\u00f9 importanti dei profitti, e crediamo &hellip; <a class=\"go\" href=\"https:\/\/blog.mozilla.org\/press-it\/ataglance\/\">Read more<\/a><\/p>\n","protected":false},"author":728,"featured_media":0,"parent":0,"menu_order":0,"comment_status":"closed","ping_status":"closed","template":"","meta":{"footnotes":""},"_links":{"self":[{"href":"https:\/\/blog.mozilla.org\/press-it\/wp-json\/wp\/v2\/pages\/1306"}],"collection":[{"href":"https:\/\/blog.mozilla.org\/press-it\/wp-json\/wp\/v2\/pages"}],"about":[{"href":"https:\/\/blog.mozilla.org\/press-it\/wp-json\/wp\/v2\/types\/page"}],"author":[{"embeddable":true,"href":"https:\/\/blog.mozilla.org\/press-it\/wp-json\/wp\/v2\/users\/728"}],"replies":[{"embeddable":true,"href":"https:\/\/blog.mozilla.org\/press-it\/wp-json\/wp\/v2\/comments?post=1306"}],"version-history":[{"count":0,"href":"https:\/\/blog.mozilla.org\/press-it\/wp-json\/wp\/v2\/pages\/1306\/revisions"}],"wp:attachment":[{"href":"https:\/\/blog.mozilla.org\/press-it\/wp-json\/wp\/v2\/media?parent=1306"}],"curies":[{"name":"wp","href":"https:\/\/api.w.org\/{rel}","templated":true}]}}