{"id":188,"date":"2012-09-11T13:02:52","date_gmt":"2012-09-11T11:02:52","guid":{"rendered":"http:\/\/blog.mozilla.org\/press-it\/?page_id=188"},"modified":"2014-04-03T22:16:31","modified_gmt":"2014-04-03T20:16:31","slug":"i-blog-mozilla","status":"publish","type":"page","link":"https:\/\/blog.mozilla.org\/press-it\/i-blog-mozilla\/","title":{"rendered":"I blog Mozilla"},"content":{"rendered":"<p>I team Mozilla pubblicano blog su temi molto diversi, come le iniziative e gli aggiornamenti di prodotto, l&#8217;impegno di Mozilla nei confronti di aspetti quali privacy e sicurezza, la documentazione e le demo per gli sviluppatori, le notizie dalla community e molto altro. Di seguito presentiamo i blog Mozilla di maggiore rilevanza per aiutarvi a navigare nell&#8217;universo dei nostri blog.<\/p>\n<p><strong><a href=\"https:\/\/blog.mozilla.org\/\">The Mozilla Blog<\/a><\/strong><\/p>\n<p>\u00c8 il blog principale che fornisce tutte le notizie ufficiali, gli avvisi e gli approfondimenti relativi al progetto Mozilla. Pubblica gli aggiornamenti sulle nuove release di Firefox, gli annunci sulle nuove iniziative e i nuovi prodotti, e tante altre interessanti novit\u00e0 dal mondo Mozilla. Se c&#8217;\u00e8 un blog che vorreste seguire, \u00e8 esattamente questo!<\/p>\n<p><strong><a href=\"https:\/\/blog.mozilla.org\/futurereleases\/\">The Future of Firefox Blog<\/a><\/strong><\/p>\n<p>The Future of Firefox Blog \u00e8 indicato per tutti coloro che desiderano essere sempre al passo con le ultime release beta e aurora di Firefox per ambienti desktop e mobili. Scoprite le funzionalit\u00e0 in arrivo, aiutateci nei test e dateci il vostro feedback.<\/p>\n<p><strong><a href=\"https:\/\/blog.mozilla.org\/privacy\/\">Mozilla Privacy Blog<\/a><\/strong><\/p>\n<p>Mozilla Privacy Blog affronta gli ultimi sviluppi in materia di privacy e di sicurezza dei dati. Fornisce aggiornamenti sul sistema Do Not Track, sul nostro lavoro sulle politiche adottate a tutela della privacy e su altri importanti iniziative messe a punto da Mozilla in questo ambito.<\/p>\n<p><strong><a href=\"https:\/\/blog.mozilla.org\/security\/\">Mozilla Security Blog<\/a><\/strong><\/p>\n<p>Il Security Team di Mozilla si confronta su novit\u00e0 e sviluppi nell&#8217;ambito della sicurezza del browser fornendo aggiornamenti sui processi di test e verifica della sicurezza, sulle fix e molto altro ancora.<\/p>\n<p><strong><a href=\"http:\/\/identity.mozilla.com\/\">L&#8217;Identit\u00e0 in Mozilla<\/a><\/strong><\/p>\n<p>Mozilla Identity Blog \u00e8 la sede dell&#8217;Identity Team di Mozilla. Il blog fornisce aggiornamenti sugli ultimi sviluppi di BrowserID e Persona, il nuovo sistema di identit\u00e0 di Mozilla per il Web basato esclusivamente sulla posta elettronica.<\/p>\n<p><strong><a href=\"https:\/\/hacks.mozilla.org\/\">Mozilla Hacks<\/a><\/strong><\/p>\n<p>Mozilla Hacks evidenzia, documenta e fornisce indicazioni sulle attivit\u00e0 condotte dai Mozilliani su Firefox e sul Web aperto. Gli sviluppatori potranno trovare una vasta raccolta di articoli, sondaggi, guide how-to e interessanti demo. Anche gli utenti non particolarmente avvezzi alla tecnologia e alle tecniche di sviluppo troveranno le demo disponibili di grande interesse.<\/p>\n<p><strong><a href=\"https:\/\/blog.mozilla.org\/community\/\">About:Community<\/a><\/strong><\/p>\n<p>Questo \u00e8 un blog creato dalla e pensato per la community di Mozilla; utile a chiunque desideri restare al passo con ci\u00f2 che accade nell&#8217;ambito della base mondiale di contributor Mozilla, dalle novit\u00e0 sugli eventi e dai tool fino alle funzionalit\u00e0, ai consigli e ai suggerimenti per i volontari.<\/p>\n<p><strong><a href=\"https:\/\/blog.mozilla.org\/labs\/\">Mozilla Labs Blog<\/a><\/strong><\/p>\n<p>Si tratta di un blog dedicato a coloro che intendono essere aggiornati su quanto accade nella divisione Experimental Labs di Mozilla. Il team dei Labs si confronta sugli esperimenti e sulle innovazioni tecnologiche in corso \u2013 dai giochi al Web video o WebFWD, il programma trimestrale di business Mozilla dedicato alle start-up. Anche <a href=\"http:\/\/blog.webfwd.org\/\">WebFWD ha un suo blog<\/a> pensato per chi ha la curiosit\u00e0 di approfondire i dettagli dell&#8217;iniziativa.<\/p>\n<p><strong><a href=\"https:\/\/blog.mozilla.org\/thunderbird\/\">Mozilla Thunderbird Blog<\/a><\/strong><\/p>\n<p>Il team di Thunderbird si confronta sulle nuove release e sulle funzioni di Thunderbird con utili aggiornamenti alla documentazione e alla localizzazione per tutti i contributor di Thunderbird.<\/p>\n<p>&nbsp;<\/p>\n<h2>Altri blog Mozilla<\/h2>\n<p>&nbsp;<\/p>\n<p><strong><a href=\"https:\/\/blog.lizardwrangler.com\/\">Lizard Wrangling: Mitchell on Mozilla and more<\/a><\/strong><\/p>\n<p>Mitchell Baker \u00e8 Chair della Mozilla Foundation e leader del Mozilla Project. Nel suo blog parla di Mozilla, della sovranit\u00e0 degli utenti e del Web aperto.<\/p>\n<p>&nbsp;<\/p>\n<h2>I Mozilla Press Centre<\/h2>\n<p>&nbsp;<\/p>\n<p>Anche i Mozilla Press Centre sono dei blog \u2013 attualmente disponibili per sette diverse regioni e in sei diverse lingue. Per avere notizie, documentazione e annunci relativi al vostro Paese potete collegarvi ai seguenti Press Centre:<\/p>\n<ul>\n<li><a href=\"https:\/\/blog.mozilla.org\/press\/\">Mozilla Press Centre inglese con novit\u00e0 e aggiornamenti relativi agli Stati Uniti<\/a><\/li>\n<li><a href=\"https:\/\/blog.mozilla.org\/press-uk\/\">Mozilla Press Centre inglese con novit\u00e0 e aggiornamenti relativi al Regno Unito<\/a><\/li>\n<li><a href=\"https:\/\/blog.mozilla.org\/press-es\/\">Mozilla Press Centre Spagna (Sala de Prensa Mozilla)<\/a><\/li>\n<li><a href=\"https:\/\/blog.mozilla.org\/press-fr\/\">Mozilla Press Centre Francia (Section Presse Mozilla)<\/a><\/li>\n<li><a href=\"https:\/\/blog.mozilla.org\/press-it\/\">Mozilla Press Centre Italia (Sala Stampa Mozilla)<\/a><\/li>\n<li><a href=\"https:\/\/blog.mozilla.org\/press-de\/\">Mozilla Press Centre Germania (Mozilla Presse-Center)<\/a><\/li>\n<li><a href=\"https:\/\/blog.mozilla.org\/press-pl\/\">Mozilla Press Centre Polonia (Centrum Prasowe Mozilli)<\/a><\/li>\n<\/ul>\n<p>&nbsp;<\/p>\n","protected":false},"excerpt":{"rendered":"<p>I team Mozilla pubblicano blog su temi molto diversi, come le iniziative e gli aggiornamenti di prodotto, l&#8217;impegno di Mozilla nei confronti di aspetti quali privacy e sicurezza, la documentazione &hellip; <a class=\"go\" href=\"https:\/\/blog.mozilla.org\/press-it\/i-blog-mozilla\/\">Read more<\/a><\/p>\n","protected":false},"author":436,"featured_media":0,"parent":0,"menu_order":0,"comment_status":"closed","ping_status":"closed","template":"","meta":{"footnotes":""},"_links":{"self":[{"href":"https:\/\/blog.mozilla.org\/press-it\/wp-json\/wp\/v2\/pages\/188"}],"collection":[{"href":"https:\/\/blog.mozilla.org\/press-it\/wp-json\/wp\/v2\/pages"}],"about":[{"href":"https:\/\/blog.mozilla.org\/press-it\/wp-json\/wp\/v2\/types\/page"}],"author":[{"embeddable":true,"href":"https:\/\/blog.mozilla.org\/press-it\/wp-json\/wp\/v2\/users\/436"}],"replies":[{"embeddable":true,"href":"https:\/\/blog.mozilla.org\/press-it\/wp-json\/wp\/v2\/comments?post=188"}],"version-history":[{"count":0,"href":"https:\/\/blog.mozilla.org\/press-it\/wp-json\/wp\/v2\/pages\/188\/revisions"}],"wp:attachment":[{"href":"https:\/\/blog.mozilla.org\/press-it\/wp-json\/wp\/v2\/media?parent=188"}],"curies":[{"name":"wp","href":"https:\/\/api.w.org\/{rel}","templated":true}]}}