{"id":1269,"date":"2014-11-07T11:53:56","date_gmt":"2014-11-07T10:53:56","guid":{"rendered":"http:\/\/blog.mozilla.org\/press-pl\/?page_id=1269"},"modified":"2014-11-10T15:39:06","modified_gmt":"2014-11-10T14:39:06","slug":"10-faktow-o-firefoksie","status":"publish","type":"page","link":"https:\/\/blog.mozilla.org\/press-pl\/materialy-dla-prasy\/10-faktow-o-firefoksie\/","title":{"rendered":"10 fakt\u00f3w o Firefoksie"},"content":{"rendered":"<p><a href=\"https:\/\/blog.mozilla.org\/press-pl\/files\/2014\/11\/heart-mozilla.png\" target=\"_blank\"><img decoding=\"async\" loading=\"lazy\" class=\"alignnone  wp-image-1260\" src=\"https:\/\/blog.mozilla.org\/press-pl\/files\/2014\/11\/heart-mozilla-160x160.png\" alt=\"heart mozilla\" width=\"105\" height=\"105\" srcset=\"https:\/\/blog.mozilla.org\/press-pl\/files\/2014\/11\/heart-mozilla-160x160.png 160w, https:\/\/blog.mozilla.org\/press-pl\/files\/2014\/11\/heart-mozilla-252x252.png 252w, https:\/\/blog.mozilla.org\/press-pl\/files\/2014\/11\/heart-mozilla.png 512w\" sizes=\"(max-width: 105px) 100vw, 105px\" \/><\/a><\/p>\n<p>1. Firefox to przegl\u0105darka open source, jedyna tworzona przez organizacj\u0119 non profit.<\/p>\n<p><a href=\"https:\/\/blog.mozilla.org\/press-pl\/files\/2014\/11\/firefox-for-Android.jpg\" target=\"_blank\"><img decoding=\"async\" loading=\"lazy\" class=\"alignnone  wp-image-1257\" src=\"https:\/\/blog.mozilla.org\/press-pl\/files\/2014\/11\/firefox-for-Android-160x160.jpg\" alt=\"firefox-for Android\" width=\"105\" height=\"105\" \/><\/a><\/p>\n<p>2. Firefox jest dost\u0119pny nie tylko na komputery z systemem Windows, Mac i Linux, ale te\u017c na telefony i tablety z Androidem. Firefox na Androida zosta\u0142 pobrany z Google Play Store ponad 80 milion\u00f3w razy.<\/p>\n<p><a href=\"https:\/\/blog.mozilla.org\/press-pl\/files\/2014\/11\/Install-Firefox-Add-ons-by-Ken-Saunders-2014.png\" target=\"_blank\"><img decoding=\"async\" loading=\"lazy\" class=\"alignnone  wp-image-1256\" src=\"https:\/\/blog.mozilla.org\/press-pl\/files\/2014\/11\/Install-Firefox-Add-ons-by-Ken-Saunders-2014-160x160.png\" alt=\"Install-Firefox-Add-ons-by-Ken-Saunders-2014\" width=\"105\" height=\"105\" \/><\/a><\/p>\n<p>3. Firefox by\u0142 pierwsz\u0105 przegl\u0105dark\u0105 oferuj\u0105c\u0105 dodatki \u2013 ma\u0142e programy rozszerzaj\u0105ce funkcjonalno\u015b\u0107 lub zmieniaj\u0105ce wygl\u0105d przegl\u0105darki. Do tej pory u\u017cytkownicy pobrali ponad 4 miliardy dodatk\u00f3w.<\/p>\n<p><a href=\"https:\/\/blog.mozilla.org\/press-pl\/files\/2014\/11\/One-Mozilla.png\" target=\"_blank\"><img decoding=\"async\" loading=\"lazy\" class=\"alignnone  wp-image-1263\" src=\"https:\/\/blog.mozilla.org\/press-pl\/files\/2014\/11\/One-Mozilla-160x160.png\" alt=\"One Mozilla\" width=\"105\" height=\"105\" \/><\/a><\/p>\n<p>4. Spo\u0142eczno\u015b\u0107\u00a0wolontariuszy z ca\u0142ego \u015bwiata t\u0142umaczy Firefoksa na prawie 90 j\u0119zyk\u00f3w. Ponad 50% u\u017cytkownik\u00f3w Firefoksa korzysta z przegl\u0105darki w innym j\u0119zyku ni\u017c angielski. Zesp\u00f3\u0142 Access Firefox dba o to, aby najnowsze wersje przegl\u0105darki by\u0142y dost\u0119pne dla u\u017cytkownik\u00f3w z ograniczon\u0105 sprawno\u015bci\u0105 motoryczn\u0105 czy wadami wzroku.<\/p>\n<p><a href=\"https:\/\/blog.mozilla.org\/press-pl\/files\/2014\/11\/FirefoxOS-logo_610x385.png\" target=\"_blank\"><img decoding=\"async\" loading=\"lazy\" class=\"alignnone  wp-image-1262\" src=\"https:\/\/blog.mozilla.org\/press-pl\/files\/2014\/11\/FirefoxOS-logo_610x385-160x160.png\" alt=\"FirefoxOS-logo_610x385\" width=\"105\" height=\"105\" \/><\/a><\/p>\n<p>5. Firefox to r\u00f3wnie\u017c jedyny ca\u0142kowicie otwarty system operacyjny na smartfony. Smartfony z Firefox OS ju\u017c s\u0105 dost\u0119pne w 24 krajach Azji, Europy i Ameryki \u0141aci\u0144skiej.<\/p>\n<p><a href=\"https:\/\/blog.mozilla.org\/press-pl\/files\/2014\/11\/firefox-developer_logo-only_RGB-edited.jpg\" target=\"_blank\"><img decoding=\"async\" loading=\"lazy\" class=\"alignnone  wp-image-1278\" src=\"https:\/\/blog.mozilla.org\/press-pl\/files\/2014\/11\/firefox-developer_logo-only_RGB-edited-160x160.jpg\" alt=\"firefox-developer_logo-only_RGB edited\" width=\"105\" height=\"105\" \/><\/a><\/p>\n<p>6. Firefox \u2013 Edycja Deweloperska to pierwsza przegl\u0105darka stworzona specjalnie dla programist\u00f3w.<\/p>\n<p><a href=\"https:\/\/blog.mozilla.org\/press-pl\/files\/2014\/11\/Fx-ForgetMenu_pl.jpg\" target=\"_blank\"><img decoding=\"async\" loading=\"lazy\" class=\"alignnone  wp-image-1266\" src=\"https:\/\/blog.mozilla.org\/press-pl\/files\/2014\/11\/Fx-ForgetMenu_pl-160x160.jpg\" alt=\"Fx-ForgetMenu_pl\" width=\"105\" height=\"105\" \/><\/a><\/p>\n<p>7. Mozilla dba o prywatno\u015b\u0107 i mo\u017cliwo\u015bci wyboru u\u017cytkownik\u00f3w w internecie. Firefox zawiera narz\u0119dzia pomagaj\u0105ce chroni\u0107 Twoj\u0105 prywatno\u015b\u0107 takie jak tryb prywatny, tryb go\u015bcia, funkcj\u0119 ograniczania \u015bledzienia czy now\u0105 funkcj\u0119 Wyczy\u015b\u0107.<\/p>\n<p><a href=\"https:\/\/blog.mozilla.org\/press-pl\/files\/2014\/11\/WebGL.jpg\" target=\"_blank\"><img decoding=\"async\" loading=\"lazy\" class=\"alignnone  wp-image-1255\" src=\"https:\/\/blog.mozilla.org\/press-pl\/files\/2014\/11\/WebGL-160x160.jpg\" alt=\"WebGL\" width=\"105\" height=\"105\" srcset=\"https:\/\/blog.mozilla.org\/press-pl\/files\/2014\/11\/WebGL-160x160.jpg 160w, https:\/\/blog.mozilla.org\/press-pl\/files\/2014\/11\/WebGL-252x252.jpg 252w, https:\/\/blog.mozilla.org\/press-pl\/files\/2014\/11\/WebGL.jpg 580w\" sizes=\"(max-width: 105px) 100vw, 105px\" \/><\/a><\/p>\n<p>8. Firefox jako pierwszy wprowadzi\u0142 gry 3-D w przegl\u0105darce na komputery i urz\u0105dzenia mobilne za pomoc\u0105 technologii takich jak WebGL \u2013 teraz obs\u0142ugiwanych przez wszystkie popularne przegl\u0105darki internetowe.<\/p>\n<p><a href=\"https:\/\/blog.mozilla.org\/press-pl\/files\/2014\/11\/gecko-logo_0064_65.png\" target=\"_blank\"><img decoding=\"async\" loading=\"lazy\" class=\"alignnone  wp-image-1261\" src=\"https:\/\/blog.mozilla.org\/press-pl\/files\/2014\/11\/gecko-logo_0064_65-160x160.png\" alt=\"gecko logo_0064_65\" width=\"105\" height=\"105\" srcset=\"https:\/\/blog.mozilla.org\/press-pl\/files\/2014\/11\/gecko-logo_0064_65-160x160.png 160w, https:\/\/blog.mozilla.org\/press-pl\/files\/2014\/11\/gecko-logo_0064_65-252x252.png 252w, https:\/\/blog.mozilla.org\/press-pl\/files\/2014\/11\/gecko-logo_0064_65.png 300w\" sizes=\"(max-width: 105px) 100vw, 105px\" \/><\/a><\/p>\n<p>9. W sercu Firefoksa mieszka jaszczurka. Gecko to silnik internetowy, kt\u00f3ry rozszerzy\u0142 mo\u017cliwo\u015bci Sieci i znacznie zwi\u0119kszy\u0142 interoperacyjno\u015b\u0107.<\/p>\n<p><a href=\"https:\/\/blog.mozilla.org\/press-pl\/files\/2014\/11\/nyt_ad_large_2004.jpg\" target=\"_blank\"><img decoding=\"async\" loading=\"lazy\" class=\"alignnone  wp-image-1258\" src=\"https:\/\/blog.mozilla.org\/press-pl\/files\/2014\/11\/nyt_ad_large_2004-160x160.jpg\" alt=\"nyt_ad_large_2004\" width=\"105\" height=\"105\" \/><\/a><\/p>\n<p>10. Ponad 10,000 os\u00f3b wspar\u0142o misj\u0119 Mozilli finansuj\u0105c reklam\u0119 w New York Times opublikowan\u0105 na premier\u0119 Firefoksa 1.0 w 2004 roku.<\/p>\n<p>&nbsp;<\/p>\n<p>&nbsp;<\/p>\n","protected":false},"excerpt":{"rendered":"<p>1. Firefox to przegl\u0105darka open source, jedyna tworzona przez organizacj\u0119 non profit. 2. Firefox jest dost\u0119pny nie tylko na komputery z systemem Windows, Mac i Linux, ale te\u017c na telefony &hellip; <a class=\"go\" href=\"https:\/\/blog.mozilla.org\/press-pl\/materialy-dla-prasy\/10-faktow-o-firefoksie\/\">Czytaj wi\u0119cej<\/a><\/p>\n","protected":false},"author":550,"featured_media":0,"parent":70,"menu_order":0,"comment_status":"closed","ping_status":"closed","template":"","meta":{"footnotes":""},"_links":{"self":[{"href":"https:\/\/blog.mozilla.org\/press-pl\/wp-json\/wp\/v2\/pages\/1269"}],"collection":[{"href":"https:\/\/blog.mozilla.org\/press-pl\/wp-json\/wp\/v2\/pages"}],"about":[{"href":"https:\/\/blog.mozilla.org\/press-pl\/wp-json\/wp\/v2\/types\/page"}],"author":[{"embeddable":true,"href":"https:\/\/blog.mozilla.org\/press-pl\/wp-json\/wp\/v2\/users\/550"}],"replies":[{"embeddable":true,"href":"https:\/\/blog.mozilla.org\/press-pl\/wp-json\/wp\/v2\/comments?post=1269"}],"version-history":[{"count":0,"href":"https:\/\/blog.mozilla.org\/press-pl\/wp-json\/wp\/v2\/pages\/1269\/revisions"}],"up":[{"embeddable":true,"href":"https:\/\/blog.mozilla.org\/press-pl\/wp-json\/wp\/v2\/pages\/70"}],"wp:attachment":[{"href":"https:\/\/blog.mozilla.org\/press-pl\/wp-json\/wp\/v2\/media?parent=1269"}],"curies":[{"name":"wp","href":"https:\/\/api.w.org\/{rel}","templated":true}]}}