{"id":1801,"date":"2018-02-28T20:29:27","date_gmt":"2018-02-28T19:29:27","guid":{"rendered":"http:\/\/blog.mozilla.org\/press-pl\/?page_id=1801"},"modified":"2018-02-28T20:29:27","modified_gmt":"2018-02-28T19:29:27","slug":"ataglance","status":"publish","type":"page","link":"https:\/\/blog.mozilla.org\/press-pl\/ataglance\/","title":{"rendered":"Mozilla w pigu\u0142ce"},"content":{"rendered":"<h3>Czym jest Mozilla?<\/h3>\n<p>Mozilla to globalna organizacja non-profit, kt\u00f3rej celem jest poprawianie jako\u015bci Sieci. Warto\u015bci s\u0105 dla nas wa\u017cniejsze ni\u017c zyski. Uwa\u017camy, \u017ce Sie\u0107 jest publicznym zasobem, o kt\u00f3ry nale\u017cy dba\u0107, a nie dobrem, kt\u00f3re mo\u017cna sprzeda\u0107. Wsp\u00f3\u0142pracujemy z globaln\u0105 spo\u0142eczno\u015bci\u0105 tworz\u0105c otwarte produkty, takie jak Mozilla Firefox oraz wprowadzaj\u0105c innowacje, przynosz\u0105ce korzy\u015bci jednostkom, a tak\u017ce Sieci jako ca\u0142o\u015bci. Rezultatem naszej dzia\u0142alno\u015bci s\u0105 doskona\u0142e produkty, stworzone przez pasjonat\u00f3w oraz lepsze mo\u017cliwo\u015bci wyboru dla ka\u017cdego z nas. <\/p>\n<h3>Kto nale\u017cy do Spo\u0142eczno\u015bci Mozilli?<\/h3>\n<ul>\n<li>Ponad 1000 wolontariuszy pisz\u0105cych kod Firefoksa<\/li>\n<li>400 000 os\u00f3b pomaga nam poprzez system \u015bledzenia rozwoju projekt\u00f3w <a href=\"https:\/\/bugzilla.mozilla.org\/\" rel=\"external\">Bugzilla<\/a><\/li>\n<li><a href=\"http:\/\/support.mozilla.org\/pl\/home\" rel=\"external\">SUMO<\/a>, prowadzona przez Spo\u0142eczno\u015b\u0107 Mozilli strona wsparcia, pomaga \u015brednio 10 000 u\u017cytkownik\u00f3w Firefoksa tygodniowo<\/li>\n<li>Studenci z ponad 600 instytucji z 57 kraj\u00f3w dziel\u0105 si\u0119 pasj\u0105 do Firefoksa jako Przedstawiciele Mozilli na Kampusie<\/li>\n<\/ul>\n<h3>Kilka fakt\u00f3w<\/h3>\n<ul>\n<li>Ponad 450 milion\u00f3w os\u00f3b na ca\u0142ym \u015bwiecie korzysta z Firefoksa<\/li>\n<li>Firefox to darmowy program open-source, mniej wi\u0119cej 40% jego kodu pisz\u0105 wolontariusze<\/li>\n<li>Globalny udzia\u0142 w rynku Firefoksa wynosi 30%<\/li>\n<\/ul>\n","protected":false},"excerpt":{"rendered":"<p>Czym jest Mozilla? Mozilla to globalna organizacja non-profit, kt\u00f3rej celem jest poprawianie jako\u015bci Sieci. Warto\u015bci s\u0105 dla nas wa\u017cniejsze ni\u017c zyski. Uwa\u017camy, \u017ce Sie\u0107 jest publicznym zasobem, o kt\u00f3ry nale\u017cy &hellip; <a class=\"go\" href=\"https:\/\/blog.mozilla.org\/press-pl\/ataglance\/\">Czytaj wi\u0119cej<\/a><\/p>\n","protected":false},"author":728,"featured_media":0,"parent":0,"menu_order":0,"comment_status":"closed","ping_status":"closed","template":"","meta":{"footnotes":""},"_links":{"self":[{"href":"https:\/\/blog.mozilla.org\/press-pl\/wp-json\/wp\/v2\/pages\/1801"}],"collection":[{"href":"https:\/\/blog.mozilla.org\/press-pl\/wp-json\/wp\/v2\/pages"}],"about":[{"href":"https:\/\/blog.mozilla.org\/press-pl\/wp-json\/wp\/v2\/types\/page"}],"author":[{"embeddable":true,"href":"https:\/\/blog.mozilla.org\/press-pl\/wp-json\/wp\/v2\/users\/728"}],"replies":[{"embeddable":true,"href":"https:\/\/blog.mozilla.org\/press-pl\/wp-json\/wp\/v2\/comments?post=1801"}],"version-history":[{"count":0,"href":"https:\/\/blog.mozilla.org\/press-pl\/wp-json\/wp\/v2\/pages\/1801\/revisions"}],"wp:attachment":[{"href":"https:\/\/blog.mozilla.org\/press-pl\/wp-json\/wp\/v2\/media?parent=1801"}],"curies":[{"name":"wp","href":"https:\/\/api.w.org\/{rel}","templated":true}]}}