{"id":191,"date":"2012-09-10T16:19:26","date_gmt":"2012-09-10T14:19:26","guid":{"rendered":"http:\/\/blog.mozilla.org\/press-pl\/?page_id=191"},"modified":"2017-11-23T09:34:01","modified_gmt":"2017-11-23T08:34:01","slug":"wykaz-blogow-mozilli","status":"publish","type":"page","link":"https:\/\/blog.mozilla.org\/press-pl\/wykaz-blogow-mozilli\/","title":{"rendered":"Wykaz blog\u00f3w Mozilli"},"content":{"rendered":"<p>Blogi zespo\u0142\u00f3w Mozilli oferuj\u0105 wielk\u0105 r\u00f3\u017cnorodno\u015b\u0107 temat\u00f3w, takich jak naj\u015bwie\u017csze informacje o naszych produktach i inicjatywach, dzia\u0142aniach Mozilli w kwestiach dotycz\u0105cych prywatno\u015bci i bezpiecze\u0144stwa, dokumentacji i demonstracji deweloperskich, aktualno\u015bci z \u017cycia spo\u0142eczno\u015bci i wiele innych. Poni\u017cej znajdziesz informacje o najwa\u017cniejszych blogach Mozilli, co u\u0142atwi Ci nawigacj\u0119 w uniwersum blog\u00f3w Mozilli.<\/p>\n<p><a href=\"https:\/\/blog.mozilla.org\/\"><strong>The Mozilla Blog<\/strong><\/a><\/p>\n<p>Na naszym g\u0142\u00f3wnym blogu pojawiaj\u0105 si\u0119 wszystkie oficjalne aktualno\u015bci, notatki i og\u00f3lne informacje dotycz\u0105ce projektu Mozilla. Spodziewaj si\u0119 aktualno\u015bci dotycz\u0105cych nowych wyda\u0144 Firefoksa, komunikat\u00f3w o naszych nowych inicjatywach oraz produktach, jak r\u00f3wnie\u017c innych wa\u017cnych informacji od Mozilli. Je\u017celi chcia\u0142by\u015b \u015bledzi\u0107 informacje tylko z jednego bloga, to ten jest tym w\u0142a\u015bciwym.<\/p>\n<p><a href=\"https:\/\/blog.mozilla.org\/futurereleases\/\"><strong>The Future of Firefox Blog<\/strong><\/a><\/p>\n<p>The Future of Firefox to blog przeznaczony dla wszystkich, kt\u00f3rzy chc\u0105 zna\u0107 aktualno\u015bci dotycz\u0105ce obecnych wyda\u0144 beta i Aurora przegl\u0105darki Firefox dla urz\u0105dze\u0144 mobilnych i desktopowych. Dowiedz si\u0119 wi\u0119cej o nadchodz\u0105cych funkcjach i pom\u00f3\u017c nam je przetestowa\u0107.<\/p>\n<p><a href=\"https:\/\/blog.mozilla.org\/privacy\/\"><strong>Mozilla Privacy Blog<\/strong><\/a><\/p>\n<p>Blog dotycz\u0105cy prywatno\u015bci obejmuje najnowsze usprawnienia w zakresie prywatno\u015bci i bezpiecze\u0144stwa danych. Na blogu pojawiaj\u0105 si\u0119 aktualizacje dotycz\u0105ce Do Not Track, nasze dzia\u0142ania w zwi\u0105zku z polityk\u0105 prywatno\u015bci i inne wa\u017cne inicjatywy dotycz\u0105ce zagadnie\u0144 prywatno\u015bci pochodz\u0105ce od Fundacji Mozilla.<\/p>\n<p><a href=\"https:\/\/blog.mozilla.org\/security\/\"><strong>Mozilla Security Blog<\/strong><\/a><\/p>\n<p>Blog zespo\u0142u do spraw bezpiecze\u0144stwa Mozilli informuje o nowo\u015bciach i rozwoju zabezpiecze\u0144 przegl\u0105darki, powiadamia o aktualizacjach w procesach test\u00f3w bezpiecze\u0144stwa, poprawkach i wielu innych.<\/p>\n<p><a href=\"http:\/\/identity.mozilla.com\/\"><strong>Identity at Mozilla<\/strong><\/a><\/p>\n<p>Blog ten jest domem dla zespo\u0142u to\u017csamo\u015bci Mozilli. Dostarcza on informacji dotycz\u0105cych najnowszych rozwi\u0105za\u0144 BrowserID i Persona, nowego systemu identyfikacji w sieci opracowanego przez Mozill\u0119, ca\u0142kowicie bazuj\u0105cego na e-mailu.<\/p>\n<p><a href=\"https:\/\/hacks.mozilla.org\"><strong>Mozilla Hacks<\/strong><\/a><\/p>\n<p>Mozilla Hacks uwydatnia, dokumentuje i demonstruje wszystko to, co spo\u0142eczno\u015b\u0107 Mozilli robi z Firefoksem i z otwart\u0105 sieci\u0105. Deweloperzy znajd\u0105 tu wiele r\u00f3\u017cnorodnych artyku\u0142\u00f3w, ankiet, samouczk\u00f3w i innych ciekawych demonstracji. U\u017cytkownik\u00f3w, kt\u00f3rzy nie s\u0105 mocno zaanga\u017cowani w technologie i programowanie, mog\u0105 zainteresowa\u0107 prezentowane na blogu demonstracje.<\/p>\n<p><a href=\"https:\/\/blog.mozilla.org\/community\/\"><strong>About:Community<\/strong><\/a><\/p>\n<p>Ten blog jest prowadzony przez spo\u0142eczno\u015b\u0107 Mozilli i dla niej. Jest on przeznaczony dla wszystkich, kt\u00f3rzy chc\u0105 trzyma\u0107 r\u0119k\u0119 na pulsie naj\u015bwie\u017cszych informacji od globalnej sieci wsp\u00f3\u0142pracownik\u00f3w Mozilli. Uzyskasz tu informacje mi\u0119dzy innymi o wydarzeniach, narz\u0119dziach u\u017cywanych przez spo\u0142eczno\u015b\u0107, wybranych funkcjach oraz porady i triki dla wolontariuszy.<\/p>\n<p><a href=\"https:\/\/blog.mozilla.org\/labs\/\"><strong>Mozilla Labs Blog<\/strong><\/a><\/p>\n<p>Ten blog jest przeznaczony dla os\u00f3b chc\u0105cych by\u0107 na bie\u017c\u0105co ze wszystkimi informacjami pochodz\u0105cymi z Laboratorium Fundacji Mozilla. Zesp\u00f3\u0142 Labs bloguje o swoich eksperymentach i innowacyjnych technologiach \u2013 od gier przez internetowe filmy wideo po WebFWD \u2013 trzymiesi\u0119czny program biznesowy dla start-up\u00f3w. <a href=\"http:\/\/blog.webfwd.org\/\">WebFWD posiada r\u00f3wnie\u017c sw\u00f3j w\u0142asny blog<\/a> przeznaczony dla wszystkich, kt\u00f3rzy chc\u0105 dowiedzie\u0107 si\u0119 wi\u0119cej o tym programie.<\/p>\n<p><a href=\"https:\/\/blog.mozilla.org\/thunderbird\/\"><strong>Mozilla Thunderbird Blog<\/strong><\/a><\/p>\n<p>Blog zespo\u0142u zajmuj\u0105cego si\u0119 Thunderbirdem, informuj\u0105cy o nowych wydaniach i funkcjach programu. Zamieszczane s\u0105 tu r\u00f3wnie\u017c u\u017cyteczne informacje dotycz\u0105ce dokumentacji i lokalizacji dla wszystkich os\u00f3b rozwijaj\u0105cych Thunderbirda.<\/p>\n<p>&nbsp;<\/p>\n<h2>Wi\u0119cej blog\u00f3w Mozilli<\/h2>\n<p>&nbsp;<\/p>\n<p><a href=\"https:\/\/blog.lizardwrangler.com\/\"><strong>Lizard Wrangling: Mitchell on Mozilla and more<\/strong><\/a><\/p>\n<p>Mitchell Baker jest prezesem Fundacji Mozilla i liderk\u0105 ca\u0142ego projektu Mozilla. Na swoim blogu Mitchell pisze o Mozilli, suwerenno\u015bci u\u017cytkownik\u00f3w i otwartej sieci.<\/p>\n<p>&nbsp;<\/p>\n<h2>Centra prasowe Mozilli<\/h2>\n<p>&nbsp;<\/p>\n<p>Centra prasowe Mozilli to r\u00f3wnie\u017c blogi, kt\u00f3re obecnie s\u0105 dost\u0119pne dla siedmiu r\u00f3\u017cnych region\u00f3w, w sze\u015bciu j\u0119zykach. Aby pozna\u0107 wszystkie nowo\u015bci, informacje prasowe i materia\u0142y wydawane dla Twojego regionu, odwied\u017a jedno z poni\u017cszych centr\u00f3w prasowych:<\/p>\n<ul>\n<li><a href=\"https:\/\/blog.mozilla.org\/press\/\">English Mozilla Press Centre with specific US updates and news<\/a><\/li>\n<li><a href=\"https:\/\/blog.mozilla.org\/press-uk\/\">English Mozilla Press Centre with specific UK updates and news<\/a><\/li>\n<li><a href=\"https:\/\/blog.mozilla.org\/press-es\/\">Mozilla Press Centre Spain (Sala de Prensa Mozilla)<\/a><\/li>\n<li><a href=\"https:\/\/blog.mozilla.org\/press-fr\/\">Mozilla Press Centre France (Section Presse Mozilla)<\/a><\/li>\n<li><a href=\"https:\/\/blog.mozilla.org\/press-it\/\">Mozilla Press Centre Italy (Sala Stampa Mozilla)<\/a><\/li>\n<li><a href=\"https:\/\/blog.mozilla.org\/press-de\/\">Mozilla Press Centre Germany (Mozilla Presse-Center)<\/a><\/li>\n<li><a href=\"https:\/\/blog.mozilla.org\/press-pl\/\">Mozilla Press Centre Poland (Centrum Prasowe Mozilli)<\/a><\/li>\n<\/ul>\n","protected":false},"excerpt":{"rendered":"<p>Blogi zespo\u0142\u00f3w Mozilli oferuj\u0105 wielk\u0105 r\u00f3\u017cnorodno\u015b\u0107 temat\u00f3w, takich jak naj\u015bwie\u017csze informacje o naszych produktach i inicjatywach, dzia\u0142aniach Mozilli w kwestiach dotycz\u0105cych prywatno\u015bci i bezpiecze\u0144stwa, dokumentacji i demonstracji deweloperskich, aktualno\u015bci z &hellip; <a class=\"go\" href=\"https:\/\/blog.mozilla.org\/press-pl\/wykaz-blogow-mozilli\/\">Czytaj wi\u0119cej<\/a><\/p>\n","protected":false},"author":436,"featured_media":0,"parent":0,"menu_order":0,"comment_status":"closed","ping_status":"closed","template":"","meta":{"footnotes":""},"_links":{"self":[{"href":"https:\/\/blog.mozilla.org\/press-pl\/wp-json\/wp\/v2\/pages\/191"}],"collection":[{"href":"https:\/\/blog.mozilla.org\/press-pl\/wp-json\/wp\/v2\/pages"}],"about":[{"href":"https:\/\/blog.mozilla.org\/press-pl\/wp-json\/wp\/v2\/types\/page"}],"author":[{"embeddable":true,"href":"https:\/\/blog.mozilla.org\/press-pl\/wp-json\/wp\/v2\/users\/436"}],"replies":[{"embeddable":true,"href":"https:\/\/blog.mozilla.org\/press-pl\/wp-json\/wp\/v2\/comments?post=191"}],"version-history":[{"count":0,"href":"https:\/\/blog.mozilla.org\/press-pl\/wp-json\/wp\/v2\/pages\/191\/revisions"}],"wp:attachment":[{"href":"https:\/\/blog.mozilla.org\/press-pl\/wp-json\/wp\/v2\/media?parent=191"}],"curies":[{"name":"wp","href":"https:\/\/api.w.org\/{rel}","templated":true}]}}