{"id":70,"date":"2012-07-03T14:46:10","date_gmt":"2012-07-03T12:46:10","guid":{"rendered":"http:\/\/blog.mozilla.org\/press-pl\/?page_id=70"},"modified":"2018-03-01T22:33:19","modified_gmt":"2018-03-01T21:33:19","slug":"materialy-dla-prasy","status":"publish","type":"page","link":"https:\/\/blog.mozilla.org\/press-pl\/materialy-dla-prasy\/","title":{"rendered":"Pakiet prasowy Firefox"},"content":{"rendered":"<h2>Firefox<\/h2>\n<h4>Przydatne linki<\/h4>\n<ul>\n<li><a href=\"http:\/\/www.mozilla.org\/pl\/firefox\/features\/\">Funkcje<\/a><\/li>\n<li><a href=\"http:\/\/blog.mozilla.org\/press-pl\/materialy-dla-prasy\/kilka-faktow-o-firefoksie\" target=\"_blank\" rel=\"noopener\">Kilka fakt\u00f3w o Firefoksie<\/a><\/li>\n<\/ul>\n<h4>Dodatkowe materia\u0142y<\/h4>\n<ul>\n<li><a href=\"https:\/\/design.firefox.com\/photon\/visuals\/product-identity-assets.html\">Marka Firefox<\/a><\/li>\n<li><a href=\"https:\/\/mozilla.ninja\/\">Marka Mozilla<\/a><\/li>\n<\/ul>\n<h2>Mobilny Firefox<\/h2>\n<h4>Przydatne linki<\/h4>\n<ul>\n<li><a href=\"https:\/\/developer.mozilla.org\/pl\/mobile\" target=\"_blank\" rel=\"noopener\">Tw\u00f3rz Mobilnego Firefoksa<\/a><\/li>\n<\/ul>\n","protected":false},"excerpt":{"rendered":"<p>Firefox Przydatne linki Funkcje Kilka fakt\u00f3w o Firefoksie Dodatkowe materia\u0142y Marka Firefox Marka Mozilla Mobilny Firefox Przydatne linki Tw\u00f3rz Mobilnego Firefoksa<\/p>\n","protected":false},"author":436,"featured_media":0,"parent":0,"menu_order":0,"comment_status":"closed","ping_status":"closed","template":"","meta":{"footnotes":""},"_links":{"self":[{"href":"https:\/\/blog.mozilla.org\/press-pl\/wp-json\/wp\/v2\/pages\/70"}],"collection":[{"href":"https:\/\/blog.mozilla.org\/press-pl\/wp-json\/wp\/v2\/pages"}],"about":[{"href":"https:\/\/blog.mozilla.org\/press-pl\/wp-json\/wp\/v2\/types\/page"}],"author":[{"embeddable":true,"href":"https:\/\/blog.mozilla.org\/press-pl\/wp-json\/wp\/v2\/users\/436"}],"replies":[{"embeddable":true,"href":"https:\/\/blog.mozilla.org\/press-pl\/wp-json\/wp\/v2\/comments?post=70"}],"version-history":[{"count":0,"href":"https:\/\/blog.mozilla.org\/press-pl\/wp-json\/wp\/v2\/pages\/70\/revisions"}],"wp:attachment":[{"href":"https:\/\/blog.mozilla.org\/press-pl\/wp-json\/wp\/v2\/media?parent=70"}],"curies":[{"name":"wp","href":"https:\/\/api.w.org\/{rel}","templated":true}]}}