{"id":1156,"date":"2013-10-09T07:36:56","date_gmt":"2013-10-09T07:36:56","guid":{"rendered":"http:\/\/blog.mozilla.org\/press\/?page_id=1156"},"modified":"2013-10-09T07:36:56","modified_gmt":"2013-10-09T07:36:56","slug":"a-mozilla-bemutatta-sajat-operacios-rendszerevel-futo-firefox-os-okostelefonjait","status":"publish","type":"page","link":"https:\/\/blog.mozilla.org\/press\/a-mozilla-bemutatta-sajat-operacios-rendszerevel-futo-firefox-os-okostelefonjait\/","title":{"rendered":"A Mozilla bemutatta saj\u00e1t oper\u00e1ci\u00f3s rendszer\u00e9vel fut\u00f3 Firefox OS okostelefonjait"},"content":{"rendered":"<p><b>2013. okt\u00f3ber 9. A Mozilla bejelentette \u00faj oper\u00e1ci\u00f3s rendszer\u00e9vel fut\u00f3 Firefox OS okostelefonjait, amelyeknek \u00e9rt\u00e9kes\u00edt\u00e9se hamarosan vil\u00e1gszerte kezdet\u00e9t veszi. A Mozilla okostelefon oper\u00e1ci\u00f3s rendszerrel szerelt k\u00e9sz\u00fcl\u00e9keket hamarosan <a href=\"https:\/\/blog.mozilla.org\/blog\/2013\/07\/01\/mozilla-and-partners-prepare-to-launch-first-firefox-os-smartphones\/\">a m\u00e1r sikeresen bevezetett ALCATEL ONE TOUCH Fire \u00e9s a ZTE Open mellett<\/a> lehet majd kapni. <\/b><\/p>\n<p>\u201eA Firefox OS okostelefonok pozit\u00edv piaci fogadtat\u00e1sa bizony\u00edtja, hogy az emberek szeretik az egyedi felhaszn\u00e1l\u00f3i \u00e9lm\u00e9nyt \u00e9s Firefox OS nyitotts\u00e1g\u00e1t. Folytatjuk a Firefox OS oper\u00e1ci\u00f3s rendszer fejleszt\u00e9s\u00e9t, hogy minden els\u0151 okostelefon v\u00e1s\u00e1rl\u00f3nak a lehet\u0151 legjobb felhaszn\u00e1l\u00f3i \u00e9lm\u00e9nyt tegy\u00fck lehet\u0151v\u00e9.\u201d &#8211; mondta Jay Sullivan, a Mozilla \u00fcgyvezet\u0151 igazgat\u00f3ja.<\/p>\n<p>\u201eA Firefox OS oper\u00e1ci\u00f3s rendszert el\u0151sz\u00f6r Spanyolorsz\u00e1gban, Kolumbi\u00e1ban, valamint Venezuel\u00e1ban vezett\u00fck be, amelynek sikere fel\u00fclm\u00falta minden v\u00e1rakoz\u00e1sunkat. Ez az eredm\u00e9ny pontosan azt bizony\u00edtja, hogy az emberek \u00e9rdekl\u0151dnek a ny\u00edlt technol\u00f3gi\u00e1j\u00fa okostelefonok ir\u00e1nt. Alig v\u00e1rjuk, hogy hamarosan elhozzuk a latin-amerikai piacokra is a Firefox OS ny\u00fajtotta lehet\u0151s\u00e9geket, az idei \u00e9v harmadik negyed\u00e9v\u00e9ben, Braz\u00edli\u00e1ban \u00e9s tov\u00e1bbi h\u00e1rom latin-amerikai orsz\u00e1gban.\u201d &#8211; mondta Yotam Ben-Ami, a Telef\u00f3nica open web devices div\u00edzi\u00f3 igazgat\u00f3ja.<\/p>\n<p>\u201eA Deutsche Telekom nagy sikereket tudhat mag\u00e1\u00e9nak, a v\u00e1rakoz\u00e1sokon fel\u00fcl teljesit\u0151 lengyelorsz\u00e1gi \u00e9rt\u00e9kes\u00edt\u00e9snek k\u00f6sz\u00f6nhet\u0151en. A lengyelorsz\u00e1gi \u00e9rt\u00e9kes\u00edt\u00e9si tapasztalatok alapj\u00e1n elmondhatom, hogy az emberek \u00f6r\u00fclnek, hogy egy \u00faj oper\u00e1ci\u00f3s rendszer lehet\u0151s\u00e9geit t\u00e1rhatj\u00e1k fel. Izgatottak vagyunk, hogy nemsok\u00e1ra N\u00e9metorsz\u00e1gban is elkezd\u0151dnek az \u00e9rt\u00e9kes\u00edt\u00e9sek, amelyet hamarosan G\u00f6r\u00f6gorsz\u00e1g \u00e9s Magyarorsz\u00e1g k\u00f6vet.\u201d &#8211; mondta Thomas Kiessling, a Deutsche Telekom vezet\u0151 term\u00e9kek\u00e9rt \u00e9s innov\u00e1ci\u00f3\u00e9rt felel\u0151s igazgat\u00f3ja.<\/p>\n<p>A Telenor is meger\u0151s\u00edtette azt a h\u00edrt, hogy tervei k\u00f6z\u00f6tt szerepel, hogy m\u00e9g az \u00e9v v\u00e9ge el\u0151tt elind\u00edtja a Firefox OS okostelefonok magyarorsz\u00e1gi, szerbiai \u00e9s montenegr\u00f3i \u00e9rt\u00e9kes\u00edt\u00e9s\u00e9t.<\/p>\n<p>\u201eA Firefox OS folyamatosan b\u0151v\u00fcl az \u00faj piacokon, amelyeken jelent\u0151s n\u00f6veked\u00e9sre van kil\u00e1t\u00e1s, igy juttatj\u00e1k el a webes \u00f6kosziszt\u00e9ma el\u0151nyeit mindenkihez.Ez a n\u00f6veked\u00e9s al\u00e1t\u00e1masztja a szerepl\u0151k elk\u00f6telezetts\u00e9g\u00e9t a platformmal szemben, valamint a fogyaszt\u00f3k el\u00e9gedetts\u00e9g\u00e9t. A Firefox OS a terjeszked\u00e9s m\u00e1sodik szakasz\u00e1ba l\u00e9p, mik\u00f6zben a harmadik okostelefonos platform c\u00edmre p\u00e1ly\u00e1z\u00f3 m\u00e1s rendszerek csak neh\u00e9zkesen tudnak piaci r\u00e9szesed\u00e9st szerezni. A Firefox OS platformja folyamatosan \u00faj funkci\u00f3kkal b\u0151v\u00fcl, amelyek egyens\u00falyt teremtenek a megfizethet\u0151s\u00e9g \u00e9s a fogyaszt\u00f3k k\u00f6z\u00f6tt. Ami tal\u00e1n m\u00e9g enn\u00e9l is fontosabb, hogy a Firefox OS tov\u00e1bbra is vonzza az \u00faj alkalmaz\u00e1sokat \u00e9s tartalomszolg\u00e1ltat\u00f3 partnereket. Ez a platform \u00e9leter\u0151ss\u00e9g\u00e9t bizony\u00edtja, \u00e9s n\u00f6velni fogja n\u00e9pszer\u0171s\u00e9g\u00e9t a felhaszn\u00e1l\u00f3k k\u00f6r\u00e9ben, valamint el\u0151seg\u00edti az innov\u00e1ci\u00f3t a fejleszt\u0151i k\u00f6z\u00f6ss\u00e9gekben.\u201d &#8211; mondta John Jackson, az IDC Research aleln\u00f6ke.<\/p>\n<p>Az \u00faj Firefox OS okostelefonok a leg\u00fajabb Firefox OS (1.1) oper\u00e1ci\u00f3s rendszerrel lesznek el\u00e9rhet\u0151k, amely sz\u00e1mos \u00faj fejleszt\u00e9st \u00e9s funkci\u00f3t tartalmaz.<\/p>\n<p><b>A Firefox OS-r\u00f3l<\/b><\/p>\n<p>A Firefox OS okostelefonok az els\u0151 olyan eszk\u00f6z\u00f6k, amelyek a teljes webes technol\u00f3gia seg\u00edts\u00e9g\u00e9vel egyszerre biztos\u00edtj\u00e1k a teljes\u00edtm\u00e9nyt, a szem\u00e9lyre szabhat\u00f3s\u00e1got \u00e9s az alacsony \u00e1rat, kellemes, intuit\u00edv \u00e9s k\u00f6nnyen haszn\u00e1lhat\u00f3 \u00e9lm\u00e9nnyel p\u00e1ros\u00edtva, amelynek k\u00f6sz\u00f6nhet\u0151en k\u00fcl\u00f6nb\u00f6znek b\u00e1rmilyen m\u00e1sik telefont\u00f3l. A Firefox OS-ben mindent megtal\u00e1l, amit elv\u00e1r egy okostelefont\u00f3l: be\u00e9p\u00edtett k\u00f6z\u00f6ss\u00e9gi integr\u00e1ci\u00f3, Facebook, Twitter, HERE Maps offline \u00fczemm\u00f3dban, Firefox b\u00f6ng\u00e9sz\u0151, valamint Marketplace.<\/p>\n<p>A Firefox OS egy teljesen \u00faj koncepci\u00f3ja az okostelefonoknak, adapt\u00edv app keres\u00e9s funkci\u00f3val, amelynek k\u00f6sz\u00f6nhet\u0151en telefonja teljes m\u00e9rt\u00e9kben b\u00e1rhol \u00e9s b\u00e1rmikor megfelel az ig\u00e9nyeinek. Egyszer\u0171en csak \u00edrja be a keres\u0151fel\u00fcletre, hogy pontosan mi \u00e9rdekli \u00e9s azonnal egy teljesen \u00faj, szem\u00e9lyre szabott telefont \u00e9s \u00e9lm\u00e9nyt kap, igazodva az \u00f6n minden ig\u00e9ny\u00e9hez.<\/p>\n<p>A Firefox OS telefonok Firefox Marketplace-szel egy\u00fctt \u00e9rkeznek, amely olyan n\u00e9pszer\u0171 alkalmaz\u00e1sokat tartalmaz, mint: a Badoo, a Box, EA j\u00e1t\u00e9kok (Poppit), Facebook, KAYAK, SoundCloud, The Weather Channel, TimeOut, TMZ, Tuenti \u00e9sTwitter.<\/p>\n<p>A Firefox OS egy kiterjesztett v\u00e1ltozata a Firefox asztali \u00e9s mobil b\u00f6ng\u00e9sz\u0151j\u00e9nek, amelyet m\u00e1r t\u00f6bb sz\u00e1z milli\u00f3 ember ismer \u00e9s szeret, amelynek k\u00f6sz\u00f6nhet\u0151en biztons\u00e1gban tudhatja mag\u00e1n\u00e9let\u00e9t, a testreszab\u00e1si \u00e9s felhaszn\u00e1l\u00f3i be\u00e1ll\u00edt\u00e1sok seg\u00edts\u00e9g\u00e9vel.<\/p>\n<p>A Mozilla a Firefox OS rendszer\u00e9n t\u00f6bb mint <a href=\"https:\/\/blog.mozilla.org\/blog\/2013\/02\/24\/mozilla-unlocks-the-power-of-the-web-on-mobile-with-firefox-os\/\">20 hardver- \u00e9s oper\u00e1tor<\/a> partnerrel dolgozik egy\u00fctt, hogy az els\u0151 okostelefon v\u00e1s\u00e1rl\u00f3k a lehet\u0151 legjobb okostelefon \u00e9lm\u00e9nyt kapj\u00e1k szerte a vil\u00e1gon.<\/p>\n<p>A Firefox OS okostelefonok jelenleg Spanyolorsz\u00e1gban, Kolumbi\u00e1ban, Venezuel\u00e1ban \u00e9s Lengyelorsz\u00e1gban \u00e9rhet\u0151ek el.<\/p>\n<p>&nbsp;<\/p>\n<p>Tov\u00e1bbi inform\u00e1ci\u00f3k\u00e9rt k\u00e9rj\u00fck l\u00e1togasson el a k\u00f6vetkez\u0151 weboldalra: <a href=\"http:\/\/www.mozilla.org\/hu\/firefox\/os\/\">http:\/\/www.mozilla.org\/hu\/firefox\/os\/<\/a><\/p>\n<p><b>A Firefoxr\u00f3l<\/b><\/p>\n<p>A Firefox egy vil\u00e1gm\u00e9ret\u0171 k\u00f6z\u00f6ss\u00e9g seg\u00edts\u00e9g\u00e9vel \u00e9p\u00fclt fel, az innov\u00e1ci\u00f3 szolg\u00e1lat\u00e1ban, egy\u00fcttm\u0171k\u00f6dve a felhaszn\u00e1l\u00f3kkal \u00e9s fejleszt\u0151kkel. A Firefoxot t\u00f6bb sz\u00e1z milli\u00f3 felhaszn\u00e1l\u00f3 haszn\u00e1lja vil\u00e1gszerte nap mint nap, hogy megtapasztalja az internet \u00e9lm\u00e9ny\u00e9t minden eszk\u00f6z\u00f6n. A Firefox OS \u00e9s a Firefox Marketplace elk\u00f6telez\u0151d\u00f6tt a mellett, hogy minden mobil eszk\u00f6zre biztons\u00e1got, felhaszn\u00e1l\u00f3i ellen\u0151rizhet\u0151s\u00e9get \u00e9s titoktart\u00e1st garant\u00e1ljon.<\/p>\n","protected":false},"excerpt":{"rendered":"<p>2013. okt\u00f3ber 9. A Mozilla bejelentette \u00faj oper\u00e1ci\u00f3s rendszer\u00e9vel fut\u00f3 Firefox OS okostelefonjait, amelyeknek \u00e9rt\u00e9kes\u00edt\u00e9se hamarosan vil\u00e1gszerte kezdet\u00e9t veszi. A Mozilla okostelefon oper\u00e1ci\u00f3s rendszerrel szerelt k\u00e9sz\u00fcl\u00e9keket hamarosan a m\u00e1r sikeresen &hellip; <a class=\"go\" href=\"https:\/\/blog.mozilla.org\/press\/a-mozilla-bemutatta-sajat-operacios-rendszerevel-futo-firefox-os-okostelefonjait\/\">Read more<\/a><\/p>\n","protected":false},"author":436,"featured_media":0,"parent":0,"menu_order":223,"comment_status":"closed","ping_status":"closed","template":"","meta":{"footnotes":""},"_links":{"self":[{"href":"https:\/\/blog.mozilla.org\/press\/wp-json\/wp\/v2\/pages\/1156"}],"collection":[{"href":"https:\/\/blog.mozilla.org\/press\/wp-json\/wp\/v2\/pages"}],"about":[{"href":"https:\/\/blog.mozilla.org\/press\/wp-json\/wp\/v2\/types\/page"}],"author":[{"embeddable":true,"href":"https:\/\/blog.mozilla.org\/press\/wp-json\/wp\/v2\/users\/436"}],"replies":[{"embeddable":true,"href":"https:\/\/blog.mozilla.org\/press\/wp-json\/wp\/v2\/comments?post=1156"}],"version-history":[{"count":0,"href":"https:\/\/blog.mozilla.org\/press\/wp-json\/wp\/v2\/pages\/1156\/revisions"}],"wp:attachment":[{"href":"https:\/\/blog.mozilla.org\/press\/wp-json\/wp\/v2\/media?parent=1156"}],"curies":[{"name":"wp","href":"https:\/\/api.w.org\/{rel}","templated":true}]}}